{"id":468,"date":"2019-09-17T09:06:04","date_gmt":"2019-09-17T08:06:04","guid":{"rendered":"http:\/\/localhost\/wordpress\/?page_id=2"},"modified":"2021-09-23T09:54:54","modified_gmt":"2021-09-23T09:54:54","slug":"aprende","status":"publish","type":"page","link":"https:\/\/thephotographersassistant.net\/es\/aprende\/","title":{"rendered":"Aprende"},"content":{"rendered":"\n<h2 class=\"wp-block-heading\">Art\u00edculos<\/h2>\n\n\n<style>.wp-show-posts-columns#wpsp-1051 {margin-left: -2em; }.wp-show-posts-columns#wpsp-1051 .wp-show-posts-inner {margin: 0 0 2em 2em; }<\/style><section id=\"wpsp-1051\" class=\" wp-show-posts-columns wp-show-posts\" style=\"\"><article class=\" wp-show-posts-single post-400 post type-post status-publish format-standard has-post-thumbnail hentry category-articulos wpsp-col-3\" itemtype=\"http:\/\/schema.org\/CreativeWork\" itemscope><div class=\"wp-show-posts-inner\" style=\"\">\t\t<div class=\"wp-show-posts-image  wpsp-image-center \">\n\t\t\t<a href=\"https:\/\/thephotographersassistant.net\/es\/2020\/11\/20\/coloured-moon-at-moonrises-and-moonset\/\"  title=\"El color de la luna durante la salida y la puesta\"><img loading=\"lazy\" decoding=\"async\" width=\"700\" height=\"467\" src=\"https:\/\/thephotographersassistant.net\/es\/wp-content\/uploads\/2020\/09\/moonrise-4.jpg\" class=\"attachment-full size-full wp-post-image\" alt=\"\" itemprop=\"image\" srcset=\"https:\/\/thephotographersassistant.net\/es\/wp-content\/uploads\/2020\/09\/moonrise-4.jpg 700w, https:\/\/thephotographersassistant.net\/es\/wp-content\/uploads\/2020\/09\/moonrise-4-300x200.jpg 300w\" sizes=\"auto, (max-width: 700px) 100vw, 700px\" \/><\/a>\t\t<\/div>\n\t\t\t\t\t\t\t\t<header class=\"wp-show-posts-entry-header\">\n\t\t\t\t\t\t\t<h4 class=\"wp-show-posts-entry-title\" itemprop=\"headline\"><a href=\"https:\/\/thephotographersassistant.net\/es\/2020\/11\/20\/coloured-moon-at-moonrises-and-moonset\/\" rel=\"bookmark\">El color de la luna durante la salida y la puesta<\/a><\/h4>\t\t\t\t\t\t<\/header><!-- .entry-header -->\n\t\t\t\t\t\t\t\t\t\t\t<div class=\"wp-show-posts-entry-summary\" itemprop=\"text\">\n\t\t\t\t\t\t\t<p>De la misma manera que el sol es blanco cuando est\u00e1 en el cielo y cambia a color m\u00e1s c\u00e1lido y finalmente a rojo durante la puesta del sol y&#8230;<\/p>\n\t\t\t\t\t\t<\/div><!-- .entry-summary -->\n\t\t\t\t\t<div class=\"wpsp-read-more\"><a title=\"El color de la luna durante la salida y la puesta\" class=\"a\" href=\"https:\/\/thephotographersassistant.net\/es\/2020\/11\/20\/coloured-moon-at-moonrises-and-moonset\/\">Leer m\u00e1s<\/a><\/div><\/div><!-- wp-show-posts-inner --><\/article><article class=\" wp-show-posts-single post-324 post type-post status-publish format-standard has-post-thumbnail hentry category-articulos wpsp-col-3\" itemtype=\"http:\/\/schema.org\/CreativeWork\" itemscope><div class=\"wp-show-posts-inner\" style=\"\">\t\t<div class=\"wp-show-posts-image  wpsp-image-center \">\n\t\t\t<a href=\"https:\/\/thephotographersassistant.net\/es\/2020\/09\/19\/planning-a-moonrise\/\"  title=\"Planificando una salida de luna\"><img loading=\"lazy\" decoding=\"async\" width=\"700\" height=\"467\" src=\"https:\/\/thephotographersassistant.net\/es\/wp-content\/uploads\/2020\/11\/sun-6-2.jpg\" class=\"attachment-full size-full wp-post-image\" alt=\"\" itemprop=\"image\" srcset=\"https:\/\/thephotographersassistant.net\/es\/wp-content\/uploads\/2020\/11\/sun-6-2.jpg 700w, https:\/\/thephotographersassistant.net\/es\/wp-content\/uploads\/2020\/11\/sun-6-2-300x200.jpg 300w\" sizes=\"auto, (max-width: 700px) 100vw, 700px\" \/><\/a>\t\t<\/div>\n\t\t\t\t\t\t\t\t<header class=\"wp-show-posts-entry-header\">\n\t\t\t\t\t\t\t<h4 class=\"wp-show-posts-entry-title\" itemprop=\"headline\"><a href=\"https:\/\/thephotographersassistant.net\/es\/2020\/09\/19\/planning-a-moonrise\/\" rel=\"bookmark\">Planificando una salida de luna<\/a><\/h4>\t\t\t\t\t\t<\/header><!-- .entry-header -->\n\t\t\t\t\t\t\t\t\t\t\t<div class=\"wp-show-posts-entry-summary\" itemprop=\"text\">\n\t\t\t\t\t\t\t<p>Situaci\u00f3n: Nos hemos imaginado una foto o hemos visto algo que queremos hacer nosotros mismos durante la salida de la luna sobre unos trozos de hielo en la playa de&#8230;<\/p>\n\t\t\t\t\t\t<\/div><!-- .entry-summary -->\n\t\t\t\t\t<div class=\"wpsp-read-more\"><a title=\"Planificando una salida de luna\" class=\"a\" href=\"https:\/\/thephotographersassistant.net\/es\/2020\/09\/19\/planning-a-moonrise\/\">Leer m\u00e1s<\/a><\/div><\/div><!-- wp-show-posts-inner --><\/article><article class=\" wp-show-posts-single post-344 post type-post status-publish format-standard has-post-thumbnail hentry category-articulos wpsp-col-3\" itemtype=\"http:\/\/schema.org\/CreativeWork\" itemscope><div class=\"wp-show-posts-inner\" style=\"\">\t\t<div class=\"wp-show-posts-image  wpsp-image-center \">\n\t\t\t<a href=\"https:\/\/thephotographersassistant.net\/es\/2020\/11\/19\/suns-magic-light-hours\/\"  title=\"La hora m\u00e1gica\"><img loading=\"lazy\" decoding=\"async\" width=\"700\" height=\"467\" src=\"https:\/\/thephotographersassistant.net\/es\/wp-content\/uploads\/2020\/09\/sun-1.jpg\" class=\"attachment-full size-full wp-post-image\" alt=\"\" itemprop=\"image\" srcset=\"https:\/\/thephotographersassistant.net\/es\/wp-content\/uploads\/2020\/09\/sun-1.jpg 700w, https:\/\/thephotographersassistant.net\/es\/wp-content\/uploads\/2020\/09\/sun-1-300x200.jpg 300w\" sizes=\"auto, (max-width: 700px) 100vw, 700px\" \/><\/a>\t\t<\/div>\n\t\t\t\t\t\t\t\t<header class=\"wp-show-posts-entry-header\">\n\t\t\t\t\t\t\t<h4 class=\"wp-show-posts-entry-title\" itemprop=\"headline\"><a href=\"https:\/\/thephotographersassistant.net\/es\/2020\/11\/19\/suns-magic-light-hours\/\" rel=\"bookmark\">La hora m\u00e1gica<\/a><\/h4>\t\t\t\t\t\t<\/header><!-- .entry-header -->\n\t\t\t\t\t\t\t\t\t\t\t<div class=\"wp-show-posts-entry-summary\" itemprop=\"text\">\n\t\t\t\t\t\t\t<p>Llamamos las horas m\u00e1gicas del sol, aquellas en las que, por su cualidad, imprimen sobre la fotograf\u00eda paisaj\u00edstica (principalmente) una personalidad innegable, ya sea percibida como como color, atm\u00f3sfera, &#8230;&#8230;.<\/p>\n\t\t\t\t\t\t<\/div><!-- .entry-summary -->\n\t\t\t\t\t<div class=\"wpsp-read-more\"><a title=\"La hora m\u00e1gica\" class=\"a\" href=\"https:\/\/thephotographersassistant.net\/es\/2020\/11\/19\/suns-magic-light-hours\/\">Leer m\u00e1s<\/a><\/div><\/div><!-- wp-show-posts-inner --><\/article><div class=\"wpsp-clear\"><\/div><\/section><!-- .wp-show-posts -->\n\n\n\n<p class=\"has-text-align-right\"><a href=\"..\/category\/articulos\/\">M\u00e1s art\u00edculos ><\/a><\/p>\n\n\n\n<h2 class=\"has-text-align-left wp-block-heading\">Videos<\/h2>\n\n\n<style>.wp-show-posts-columns#wpsp-1052 {margin-left: -2em; }.wp-show-posts-columns#wpsp-1052 .wp-show-posts-inner {margin: 0 0 2em 2em; }<\/style><section id=\"wpsp-1052\" class=\" wp-show-posts-columns wp-show-posts\" style=\"\"><article class=\" wp-show-posts-single post-1183 post type-post status-publish format-standard has-post-thumbnail hentry category-videos wpsp-col-3\" itemtype=\"http:\/\/schema.org\/CreativeWork\" itemscope><div class=\"wp-show-posts-inner\" style=\"\">\t\t<div class=\"wp-show-posts-image  wpsp-image-center \">\n\t\t\t<a href=\"https:\/\/thephotographersassistant.net\/es\/2021\/05\/25\/asistente-del-sol\/\"  title=\"Asistente del sol\"><img loading=\"lazy\" decoding=\"async\" width=\"320\" height=\"180\" src=\"https:\/\/thephotographersassistant.net\/es\/wp-content\/uploads\/2021\/05\/asistente-del-sol.jpg\" class=\"attachment-full size-full wp-post-image\" alt=\"\" itemprop=\"image\" srcset=\"https:\/\/thephotographersassistant.net\/es\/wp-content\/uploads\/2021\/05\/asistente-del-sol.jpg 320w, https:\/\/thephotographersassistant.net\/es\/wp-content\/uploads\/2021\/05\/asistente-del-sol-300x169.jpg 300w\" sizes=\"auto, (max-width: 320px) 100vw, 320px\" \/><\/a>\t\t<\/div>\n\t\t\t\t\t\t\t\t<header class=\"wp-show-posts-entry-header\">\n\t\t\t\t\t\t\t<h4 class=\"wp-show-posts-entry-title\" itemprop=\"headline\"><a href=\"https:\/\/thephotographersassistant.net\/es\/2021\/05\/25\/asistente-del-sol\/\" rel=\"bookmark\">Asistente del sol<\/a><\/h4>\t\t\t\t\t\t<\/header><!-- .entry-header -->\n\t\t\t\t\t\t\t\t\t\t\t<div class=\"wp-show-posts-entry-summary\" itemprop=\"text\">\n\t\t\t\t\t\t\t<p>Vistazo general.<br \/>\nTipo de luz del momento actual.<br \/>\nCambiar fecha y hora.<\/p>\n\t\t\t\t\t\t<\/div><!-- .entry-summary -->\n\t\t\t\t\t<div class=\"wpsp-read-more\"><a title=\"Asistente del sol\" class=\"a\" href=\"https:\/\/thephotographersassistant.net\/es\/2021\/05\/25\/asistente-del-sol\/\">Ver video<\/a><\/div><\/div><!-- wp-show-posts-inner --><\/article><article class=\" wp-show-posts-single post-1173 post type-post status-publish format-standard has-post-thumbnail hentry category-videos wpsp-col-3\" itemtype=\"http:\/\/schema.org\/CreativeWork\" itemscope><div class=\"wp-show-posts-inner\" style=\"\">\t\t<div class=\"wp-show-posts-image  wpsp-image-center \">\n\t\t\t<a href=\"https:\/\/thephotographersassistant.net\/es\/2021\/05\/25\/planificador-la-noche\/\"  title=\"Planificador &#8211; La noche\"><img loading=\"lazy\" decoding=\"async\" width=\"320\" height=\"180\" src=\"https:\/\/thephotographersassistant.net\/es\/wp-content\/uploads\/2021\/05\/planificador-07-la-noche.jpg\" class=\"attachment-full size-full wp-post-image\" alt=\"\" itemprop=\"image\" srcset=\"https:\/\/thephotographersassistant.net\/es\/wp-content\/uploads\/2021\/05\/planificador-07-la-noche.jpg 320w, https:\/\/thephotographersassistant.net\/es\/wp-content\/uploads\/2021\/05\/planificador-07-la-noche-300x169.jpg 300w\" sizes=\"auto, (max-width: 320px) 100vw, 320px\" \/><\/a>\t\t<\/div>\n\t\t\t\t\t\t\t\t<header class=\"wp-show-posts-entry-header\">\n\t\t\t\t\t\t\t<h4 class=\"wp-show-posts-entry-title\" itemprop=\"headline\"><a href=\"https:\/\/thephotographersassistant.net\/es\/2021\/05\/25\/planificador-la-noche\/\" rel=\"bookmark\">Planificador &#8211; La noche<\/a><\/h4>\t\t\t\t\t\t<\/header><!-- .entry-header -->\n\t\t\t\t\t\t\t\t\t\t\t<div class=\"wp-show-posts-entry-summary\" itemprop=\"text\">\n\t\t\t\t\t\t\t<p>Conoce al Planificador en un vistazo r\u00e1pido.<br \/>\nLa V\u00eda L\u00e1ctea y el centro gal\u00e1ctico.  Posici\u00f3n en el cielo, visibilidad y Vista 3D.<\/p>\n\t\t\t\t\t\t<\/div><!-- .entry-summary -->\n\t\t\t\t\t<div class=\"wpsp-read-more\"><a title=\"Planificador &#8211; La noche\" class=\"a\" href=\"https:\/\/thephotographersassistant.net\/es\/2021\/05\/25\/planificador-la-noche\/\">Ver video<\/a><\/div><\/div><!-- wp-show-posts-inner --><\/article><article class=\" wp-show-posts-single post-1185 post type-post status-publish format-standard has-post-thumbnail hentry category-videos wpsp-col-3\" itemtype=\"http:\/\/schema.org\/CreativeWork\" itemscope><div class=\"wp-show-posts-inner\" style=\"\">\t\t<div class=\"wp-show-posts-image  wpsp-image-center \">\n\t\t\t<a href=\"https:\/\/thephotographersassistant.net\/es\/2021\/05\/25\/asistente-de-la-luna\/\"  title=\"Asistente de la luna\"><img loading=\"lazy\" decoding=\"async\" width=\"320\" height=\"180\" src=\"https:\/\/thephotographersassistant.net\/es\/wp-content\/uploads\/2021\/05\/asistente-de-la-luna.jpg\" class=\"attachment-full size-full wp-post-image\" alt=\"\" itemprop=\"image\" srcset=\"https:\/\/thephotographersassistant.net\/es\/wp-content\/uploads\/2021\/05\/asistente-de-la-luna.jpg 320w, https:\/\/thephotographersassistant.net\/es\/wp-content\/uploads\/2021\/05\/asistente-de-la-luna-300x169.jpg 300w\" sizes=\"auto, (max-width: 320px) 100vw, 320px\" \/><\/a>\t\t<\/div>\n\t\t\t\t\t\t\t\t<header class=\"wp-show-posts-entry-header\">\n\t\t\t\t\t\t\t<h4 class=\"wp-show-posts-entry-title\" itemprop=\"headline\"><a href=\"https:\/\/thephotographersassistant.net\/es\/2021\/05\/25\/asistente-de-la-luna\/\" rel=\"bookmark\">Asistente de la luna<\/a><\/h4>\t\t\t\t\t\t<\/header><!-- .entry-header -->\n\t\t\t\t\t\t\t\t\t\t\t<div class=\"wp-show-posts-entry-summary\" itemprop=\"text\">\n\t\t\t\t\t\t\t<p>Vistazo general.<br \/>\nHoras de la salida y puesta de la luna.<br \/>\nCambiar fecha y hora.<br \/>\nEventos&#8230;<\/p>\n\t\t\t\t\t\t<\/div><!-- .entry-summary -->\n\t\t\t\t\t<div class=\"wpsp-read-more\"><a title=\"Asistente de la luna\" class=\"a\" href=\"https:\/\/thephotographersassistant.net\/es\/2021\/05\/25\/asistente-de-la-luna\/\">Ver video<\/a><\/div><\/div><!-- wp-show-posts-inner --><\/article><article class=\" wp-show-posts-single post-1178 post type-post status-publish format-standard has-post-thumbnail hentry category-videos wpsp-col-3\" itemtype=\"http:\/\/schema.org\/CreativeWork\" itemscope><div class=\"wp-show-posts-inner\" style=\"\">\t\t<div class=\"wp-show-posts-image  wpsp-image-center \">\n\t\t\t<a href=\"https:\/\/thephotographersassistant.net\/es\/2021\/05\/25\/planificador-el-mapa\/\"  title=\"Planificador &#8211; El mapa\"><img loading=\"lazy\" decoding=\"async\" width=\"320\" height=\"180\" src=\"https:\/\/thephotographersassistant.net\/es\/wp-content\/uploads\/2021\/05\/planificador-14-el-mapa.jpg\" class=\"attachment-full size-full wp-post-image\" alt=\"\" itemprop=\"image\" srcset=\"https:\/\/thephotographersassistant.net\/es\/wp-content\/uploads\/2021\/05\/planificador-14-el-mapa.jpg 320w, https:\/\/thephotographersassistant.net\/es\/wp-content\/uploads\/2021\/05\/planificador-14-el-mapa-300x169.jpg 300w\" sizes=\"auto, (max-width: 320px) 100vw, 320px\" \/><\/a>\t\t<\/div>\n\t\t\t\t\t\t\t\t<header class=\"wp-show-posts-entry-header\">\n\t\t\t\t\t\t\t<h4 class=\"wp-show-posts-entry-title\" itemprop=\"headline\"><a href=\"https:\/\/thephotographersassistant.net\/es\/2021\/05\/25\/planificador-el-mapa\/\" rel=\"bookmark\">Planificador &#8211; El mapa<\/a><\/h4>\t\t\t\t\t\t<\/header><!-- .entry-header -->\n\t\t\t\t\t\t\t\t\t\t\t<div class=\"wp-show-posts-entry-summary\" itemprop=\"text\">\n\t\t\t\t\t\t\t<p>Navegaci\u00f3n del mapa.<br \/>\nElegir tipo de mapa. Vista 3D, controles de navegaci\u00f3n (rat\u00f3n y teclado).<br \/>\nHistorial de posiciones.<\/p>\n\t\t\t\t\t\t<\/div><!-- .entry-summary -->\n\t\t\t\t\t<div class=\"wpsp-read-more\"><a title=\"Planificador &#8211; El mapa\" class=\"a\" href=\"https:\/\/thephotographersassistant.net\/es\/2021\/05\/25\/planificador-el-mapa\/\">Ver video<\/a><\/div><\/div><!-- wp-show-posts-inner --><\/article><div class=\"wpsp-clear\"><\/div><\/section><!-- .wp-show-posts -->\n\n\n\n<p class=\"has-text-align-right\"><a href=\"..\/category\/videos\/\">M\u00e1s videos &gt;<\/a><br><br><br><\/p>\n\n\n\n<div class=\"wp-block-columns is-layout-flex wp-container-core-columns-is-layout-9d6595d7 wp-block-columns-is-layout-flex\">\n<div class=\"wp-block-column is-layout-flow wp-block-column-is-layout-flow\">\n<div class=\"wp-block-image\"><figure class=\"aligncenter size-large\"><img loading=\"lazy\" decoding=\"async\" width=\"66\" height=\"66\" src=\"https:\/\/thephotographersassistant.net\/es\/wp-content\/uploads\/2020\/11\/user-guide.png\" alt=\"\" class=\"wp-image-986\"\/><\/figure><\/div>\n\n\n\n<h4 class=\"has-text-align-center wp-block-heading\">Manual de usuario<\/h4>\n\n\n\n<p>\u00bfQuiere saber c\u00f3mo funciona la aplicaci\u00f3n, pero no sabe por d\u00f3nde empezar? Esta Gu\u00eda del usuario le ayudar\u00e1 a comprender todos los aspectos del Asistente del fot\u00f3grafo. <\/p>\n\n\n\n<p><a href=\".\/guia-de-usuario\/\">Aprenda m\u00e1s<\/a><\/p>\n<\/div>\n\n\n\n<div class=\"wp-block-column is-layout-flow wp-block-column-is-layout-flow\">\n<div class=\"wp-block-image\"><figure class=\"aligncenter size-large\"><img loading=\"lazy\" decoding=\"async\" width=\"66\" height=\"66\" src=\"https:\/\/thephotographersassistant.net\/es\/wp-content\/uploads\/2020\/11\/keyboard.png\" alt=\"\" class=\"wp-image-975\"\/><\/figure><\/div>\n\n\n\n<h4 class=\"has-text-align-center wp-block-heading\">Atajos de teclado<\/h4>\n\n\n\n<p>La aplicaci\u00f3n est\u00e1 preparada para funcionar incre\u00edblemente r\u00e1pido con la combinaci\u00f3n de rat\u00f3n y teclado. Aprenda todos los atajos \u00fatiles que lo ayudar\u00e1n en sus planificaciones.<\/p>\n\n\n\n<p><a href=\".\/atajos-teclado\/\">Aprenda m\u00e1s<\/a><\/p>\n<\/div>\n\n\n\n<div class=\"wp-block-column is-layout-flow wp-block-column-is-layout-flow\">\n<div class=\"wp-block-image\"><figure class=\"aligncenter size-large\"><img loading=\"lazy\" decoding=\"async\" width=\"66\" height=\"66\" src=\"https:\/\/thephotographersassistant.net\/es\/wp-content\/uploads\/2020\/11\/dictionary.png\" alt=\"\" class=\"wp-image-968\"\/><\/figure><\/div>\n\n\n\n<h4 class=\"has-text-align-center wp-block-heading\">Glosario<\/h4>\n\n\n\n<p>Sabemos que hay muchos t\u00e9rminos que son t\u00e9cnicos o muy espec\u00edficos. Aqu\u00ed puedes encontrar cu\u00e1les son. \u00a1No te quedes sin aprender algo nuevo y \u00fatil!<\/p>\n\n\n\n<p><a href=\".\/glosario\/\">Aprenda m\u00e1s<\/a><\/p>\n<\/div>\n\n\n\n<div class=\"wp-block-column is-layout-flow wp-block-column-is-layout-flow\">\n<div class=\"wp-block-image\"><figure class=\"aligncenter size-large\"><img loading=\"lazy\" decoding=\"async\" width=\"66\" height=\"66\" src=\"https:\/\/thephotographersassistant.net\/es\/wp-content\/uploads\/2020\/11\/faq.png\" alt=\"\" class=\"wp-image-972\"\/><\/figure><\/div>\n\n\n\n<h4 class=\"has-text-align-center wp-block-heading\">FAQS<\/h4>\n\n\n\n<p>Respuestas r\u00e1pidas a las preguntas m\u00e1s frecuentes.<\/p>\n\n\n\n<p><\/p>\n\n\n\n<p><\/p>\n\n\n\n<p><a href=\".\/faq\/\">Aprenda m\u00e1s<\/a><\/p>\n<\/div>\n<\/div>\n","protected":false},"excerpt":{"rendered":"<p>Art\u00edculos M\u00e1s art\u00edculos > Videos M\u00e1s videos &gt; Manual de usuario \u00bfQuiere saber c\u00f3mo funciona la aplicaci\u00f3n, pero no sabe por d\u00f3nde empezar? Esta Gu\u00eda del usuario le ayudar\u00e1 a comprender todos los aspectos del Asistente del fot\u00f3grafo. Aprenda m\u00e1s Atajos de teclado La aplicaci\u00f3n est\u00e1 preparada para funcionar incre\u00edblemente r\u00e1pido con la combinaci\u00f3n de&hellip; <br \/> <a class=\"read-more\" href=\"https:\/\/thephotographersassistant.net\/es\/2021\/05\/25\/planificador-el-mapa\/\">Leer m\u00e1s<\/a><\/p>\n","protected":false},"author":1,"featured_media":0,"parent":0,"menu_order":0,"comment_status":"closed","ping_status":"open","template":"","meta":{"footnotes":""},"class_list":["post-468","page","type-page","status-publish","hentry"],"_links":{"self":[{"href":"https:\/\/thephotographersassistant.net\/es\/wp-json\/wp\/v2\/pages\/468","targetHints":{"allow":["GET"]}}],"collection":[{"href":"https:\/\/thephotographersassistant.net\/es\/wp-json\/wp\/v2\/pages"}],"about":[{"href":"https:\/\/thephotographersassistant.net\/es\/wp-json\/wp\/v2\/types\/page"}],"author":[{"embeddable":true,"href":"https:\/\/thephotographersassistant.net\/es\/wp-json\/wp\/v2\/users\/1"}],"replies":[{"embeddable":true,"href":"https:\/\/thephotographersassistant.net\/es\/wp-json\/wp\/v2\/comments?post=468"}],"version-history":[{"count":6,"href":"https:\/\/thephotographersassistant.net\/es\/wp-json\/wp\/v2\/pages\/468\/revisions"}],"predecessor-version":[{"id":1311,"href":"https:\/\/thephotographersassistant.net\/es\/wp-json\/wp\/v2\/pages\/468\/revisions\/1311"}],"wp:attachment":[{"href":"https:\/\/thephotographersassistant.net\/es\/wp-json\/wp\/v2\/media?parent=468"}],"curies":[{"name":"wp","href":"https:\/\/api.w.org\/{rel}","templated":true}]}}