{"id":37,"date":"2020-01-31T10:11:36","date_gmt":"2020-01-31T09:11:36","guid":{"rendered":"http:\/\/localhost\/wordpress\/?page_id=37"},"modified":"2021-09-20T20:35:58","modified_gmt":"2021-09-20T20:35:58","slug":"guia-de-usuario","status":"publish","type":"page","link":"https:\/\/thephotographersassistant.net\/es\/guia-de-usuario\/","title":{"rendered":"Manual de usuario"},"content":{"rendered":"\n<div class=\"wp-block-image\"><figure class=\"aligncenter size-large\"><img loading=\"lazy\" decoding=\"async\" width=\"1024\" height=\"608\" src=\"https:\/\/thephotographersassistant.net\/es\/wp-content\/uploads\/2021\/09\/sol-1024x608.jpg\" alt=\"\" class=\"wp-image-1275\" srcset=\"https:\/\/thephotographersassistant.net\/es\/wp-content\/uploads\/2021\/09\/sol-1024x608.jpg 1024w, https:\/\/thephotographersassistant.net\/es\/wp-content\/uploads\/2021\/09\/sol-300x178.jpg 300w, https:\/\/thephotographersassistant.net\/es\/wp-content\/uploads\/2021\/09\/sol-768x456.jpg 768w, https:\/\/thephotographersassistant.net\/es\/wp-content\/uploads\/2021\/09\/sol-1536x912.jpg 1536w, https:\/\/thephotographersassistant.net\/es\/wp-content\/uploads\/2021\/09\/sol-1819x1080.jpg 1819w, https:\/\/thephotographersassistant.net\/es\/wp-content\/uploads\/2021\/09\/sol.jpg 1920w\" sizes=\"auto, (max-width: 1024px) 100vw, 1024px\" \/><\/figure><\/div>\n\n\n\n<p><strong>(Actualizado para la versi\u00f3n 1.2.8)<\/strong><\/p>\n\n\n\n<p>\u00a1Bienvenido a <a href=\"http:\/\/www.thephotographersassistant.net\/es\">The Photographer&#8217;s Assistant<\/a>!  <br>La aplicaci\u00f3n todo en uno para el fot\u00f3grafo.<\/p>\n\n\n\n<p>Desde que en 2015 lanzamos la primera versi\u00f3n para Windows Phone 8.1 y Windows Mobile, The Photographer&#8217;s Assistant se ha convertido en un conjunto completo de herramientas, calculadoras y asistentes que todo fot\u00f3grafo puede aprovechar.<\/p>\n\n\n\n<p>Este sitio web contiene un conjunto completo de art\u00edculos, videos y un manual del usuario para ayudarlo en el camino para aprender todos los aspectos de la aplicaci\u00f3n.<\/p>\n\n\n\n<p>Puede descargar la gu\u00eda a continuaci\u00f3n.<\/p>\n\n\n\n<div class=\"wp-block-columns has-2-columns is-layout-flex wp-container-core-columns-is-layout-9d6595d7 wp-block-columns-is-layout-flex\">\n<div class=\"wp-block-column is-layout-flow wp-block-column-is-layout-flow\">\n<div class=\"wp-block-image\"><figure class=\"aligncenter size-large is-resized\"><a href=\"https:\/\/thephotographersassistant.net\/es\/wp-content\/uploads\/2020\/12\/Manual-de-usuario-v1.2.7.pdf\" target=\"_blank\" rel=\"noopener noreferrer\"><img loading=\"lazy\" decoding=\"async\" src=\"https:\/\/thephotographersassistant.net\/es\/wp-content\/uploads\/2020\/09\/Manual-de-usuario.jpg\" alt=\"\" class=\"wp-image-871\" width=\"288\" height=\"372\" srcset=\"https:\/\/thephotographersassistant.net\/es\/wp-content\/uploads\/2020\/09\/Manual-de-usuario.jpg 700w, https:\/\/thephotographersassistant.net\/es\/wp-content\/uploads\/2020\/09\/Manual-de-usuario-232x300.jpg 232w\" sizes=\"auto, (max-width: 288px) 100vw, 288px\" \/><\/a><figcaption> Manual de usuario en Espa\u00f1ol <\/figcaption><\/figure><\/div>\n\n\n\n<div class=\"wp-block-file aligncenter\"><a href=\"https:\/\/thephotographersassistant.net\/es\/wp-content\/uploads\/2020\/12\/Manual-de-usuario-v1.2.7.pdf\"><strong>Manual<\/strong><\/a><a href=\"https:\/\/thephotographersassistant.net\/es\/wp-content\/uploads\/2020\/12\/Manual-de-usuario-v1.2.7.pdf\" class=\"wp-block-file__button\" download>Descarga<\/a><\/div>\n<\/div>\n<\/div>\n\n\n\n<p>Adem\u00e1s, esta gu\u00eda est\u00e1 disponible en la aplicaci\u00f3n.<\/p>\n\n\n<!-- Simple Share Buttons Adder (8.1.2) simplesharebuttons.com --><div class=\"ssba-classic-2 ssba ssbp-wrap left ssbp--theme-1\"><div style=\"text-align:left\"><span class=\"ssba-share-text\">Comparte<\/span><br\/><a data-site=\"\" class=\"ssba_facebook_share\" href=\"http:\/\/www.facebook.com\/sharer.php?u=https:\/\/thephotographersassistant.net\/es\/wp-json\/wp\/v2\/pages\/37\"  target=\"_blank\" ><img decoding=\"async\" src=\"https:\/\/thephotographersassistant.net\/es\/wp-content\/plugins\/simple-share-buttons-adder\/buttons\/somacro\/facebook.png\" style=\"width: 35px;\" title=\"Facebook\" class=\"ssba ssba-img\" alt=\"Share on Facebook\" \/><div title=\"Facebook\" class=\"ssbp-text\">Facebook<\/div><\/a><a data-site='pinterest' class='ssba_pinterest_share' href='javascript:void((function()%7Bvar%20e=document.createElement(&apos;script&apos;);e.setAttribute(&apos;type&apos;,&apos;text\/javascript&apos;);e.setAttribute(&apos;charset&apos;,&apos;UTF-8&apos;);e.setAttribute(&apos;src&apos;,&apos;\/\/assets.pinterest.com\/js\/pinmarklet.js?r=&apos;+Math.random()*99999999);document.body.appendChild(e)%7D)());'><img decoding=\"async\" src=\"https:\/\/thephotographersassistant.net\/es\/wp-content\/plugins\/simple-share-buttons-adder\/buttons\/somacro\/pinterest.png\" style=\"width: 35px;\" title=\"Pinterest\" class=\"ssba ssba-img\" alt=\"Pin on Pinterest\" \/><div title=\"Pinterest\" class=\"ssbp-text\">Pinterest<\/div><\/a><a data-site=\"\" class=\"ssba_twitter_share\" href=\"http:\/\/twitter.com\/share?url=https:\/\/thephotographersassistant.net\/es\/wp-json\/wp\/v2\/pages\/37&amp;text=Manual%20de%20usuario%20\"  target=&quot;_blank&quot; ><img decoding=\"async\" src=\"https:\/\/thephotographersassistant.net\/es\/wp-content\/plugins\/simple-share-buttons-adder\/buttons\/somacro\/twitter.png\" style=\"width: 35px;\" title=\"Twitter\" class=\"ssba ssba-img\" alt=\"Tweet about this on Twitter\" \/><div title=\"Twitter\" class=\"ssbp-text\">Twitter<\/div><\/a><a data-site=\"linkedin\" class=\"ssba_linkedin_share ssba_share_link\" href=\"http:\/\/www.linkedin.com\/shareArticle?mini=true&amp;url=https:\/\/thephotographersassistant.net\/es\/wp-json\/wp\/v2\/pages\/37\"  target=&quot;_blank&quot; ><img decoding=\"async\" src=\"https:\/\/thephotographersassistant.net\/es\/wp-content\/plugins\/simple-share-buttons-adder\/buttons\/somacro\/linkedin.png\" style=\"width: 35px;\" title=\"LinkedIn\" class=\"ssba ssba-img\" alt=\"Share on LinkedIn\" \/><div title=\"Linkedin\" class=\"ssbp-text\">Linkedin<\/div><\/a><\/div><\/div>\n","protected":false},"excerpt":{"rendered":"<p>(Actualizado para la versi\u00f3n 1.2.8) \u00a1Bienvenido a The Photographer&#8217;s Assistant! La aplicaci\u00f3n todo en uno para el fot\u00f3grafo. Desde que en 2015 lanzamos la primera versi\u00f3n para Windows Phone 8.1 y Windows Mobile, The Photographer&#8217;s Assistant se ha convertido en un conjunto completo de herramientas, calculadoras y asistentes que todo fot\u00f3grafo puede aprovechar. Este sitio&hellip; <br \/> <a class=\"read-more\" href=\"https:\/\/thephotographersassistant.net\/es\/guia-de-usuario\/\">Leer m\u00e1s<\/a><\/p>\n","protected":false},"author":1,"featured_media":752,"parent":0,"menu_order":0,"comment_status":"closed","ping_status":"closed","template":"","meta":{"footnotes":""},"class_list":["post-37","page","type-page","status-publish","has-post-thumbnail","hentry"],"_links":{"self":[{"href":"https:\/\/thephotographersassistant.net\/es\/wp-json\/wp\/v2\/pages\/37","targetHints":{"allow":["GET"]}}],"collection":[{"href":"https:\/\/thephotographersassistant.net\/es\/wp-json\/wp\/v2\/pages"}],"about":[{"href":"https:\/\/thephotographersassistant.net\/es\/wp-json\/wp\/v2\/types\/page"}],"author":[{"embeddable":true,"href":"https:\/\/thephotographersassistant.net\/es\/wp-json\/wp\/v2\/users\/1"}],"replies":[{"embeddable":true,"href":"https:\/\/thephotographersassistant.net\/es\/wp-json\/wp\/v2\/comments?post=37"}],"version-history":[{"count":4,"href":"https:\/\/thephotographersassistant.net\/es\/wp-json\/wp\/v2\/pages\/37\/revisions"}],"predecessor-version":[{"id":1276,"href":"https:\/\/thephotographersassistant.net\/es\/wp-json\/wp\/v2\/pages\/37\/revisions\/1276"}],"wp:featuredmedia":[{"embeddable":true,"href":"https:\/\/thephotographersassistant.net\/es\/wp-json\/wp\/v2\/media\/752"}],"wp:attachment":[{"href":"https:\/\/thephotographersassistant.net\/es\/wp-json\/wp\/v2\/media?parent=37"}],"curies":[{"name":"wp","href":"https:\/\/api.w.org\/{rel}","templated":true}]}}