{"id":34,"date":"2019-09-17T10:36:50","date_gmt":"2019-09-17T09:36:50","guid":{"rendered":"http:\/\/localhost\/wordpress\/?page_id=13"},"modified":"2021-09-23T09:58:22","modified_gmt":"2021-09-23T09:58:22","slug":"faq","status":"publish","type":"page","link":"https:\/\/thephotographersassistant.net\/es\/faq\/","title":{"rendered":"FAQ"},"content":{"rendered":"\n<h4 class=\"wp-block-heading\">\u00bfPor qu\u00e9 The Photographer&#8217;s Assistant? \u00bfEn qu\u00e9 se diferencia con otras aplicaciones?<\/h4>\n\n\n\n<p>En The Photographer&#8217;s Assistant puedes usar toda la pantalla de tu computadora (varias veces m\u00e1s grande que la pantalla de cualquier tel\u00e9fono) para planificar las fotos de tus sue\u00f1os.<\/p>\n\n\n\n<p>El uso del teclado y el mouse es m\u00e1s r\u00e1pido que tocar la pantalla, incluso puedes usar tambi\u00e9n tus dedos para controlar la aplicaci\u00f3n.<\/p>\n\n\n\n<p>Obtenga una vista previa de sus planificaciones del mundo como si lo hicieses en GoogleEarth  totalmente en 3D. Ahora puede ver si las luces del amanecer \/ atardecer y m\u00e1s est\u00e1n bloqueadas por un obst\u00e1culo o no de un vistazo, sin m\u00e1s c\u00e1lculos complicados.<\/p>\n\n\n\n<h4 class=\"wp-block-heading\">\u00bfFunciona para mi pa\u00eds\/ciudad \/lugar?<\/h4>\n\n\n\n<p>Si. El asistente del fot\u00f3grafo trabaja en cualquier lugar de la Tierra.<\/p>\n\n\n\n<h4 class=\"wp-block-heading\">\u00bfSon exactos los c\u00e1lculos?<\/h4>\n\n\n\n<p>Si. Los c\u00e1lculos internos de la aplicaci\u00f3n tienen una precisi\u00f3n de hasta 0,1\u00ba (a menudo hasta 0,01\u00ba, m\u00e1s que suficiente para cualquier tipo de fotograf\u00eda de paisajes). Los proveedores de datos externos como BingMaps podr\u00edan afectar la precisi\u00f3n del mapa y la altitud.<\/p>\n\n\n\n<h4 class=\"wp-block-heading\">\u00bfSe requiere Internet para usar?<\/h4>\n\n\n\n<p>No hace falta Internet para calcular los eventos fotogr\u00e1ficos.<\/p>\n\n\n\n<p>Solo se requiere Internet para usar el mapa, obtener datos sobre rayos y tormentas y pronosticar auroras. Sin embargo, el asistente del fot\u00f3grafo puede almacenar en cach\u00e9 partes del mapa que ha visitado anteriormente.                                                                                                                                 <\/p>\n\n\n\n<h4 class=\"wp-block-heading\" id=\"faq-update\">\u00bfMi aplicaci\u00f3n est\u00e1 actualizada?<\/h4>\n\n\n\n<p>La \u00faltima versi\u00f3n (v1.2.xy superior) de la aplicaci\u00f3n notifica al usuario que hay una versi\u00f3n m\u00e1s actualde la aplicaci\u00f3n para descargar.<\/p>\n\n\n\n<p>Otra forma de comprobar si estamos usando la \u00faltima versi\u00f3n es visitar Microsoft Store en <a href=\"https:\/\/www.microsoft.com\/store\/apps\/9NBLGGH5Q066\">https:\/\/www.microsoft.com\/store\/apps\/9NBLGGH5Q066<\/a> e intentar descargar desde all\u00ed.<\/p>\n\n\n\n<h4 class=\"wp-block-heading\" id=\"faq-Master-PhotoPills\">\u00bfD\u00f3nde puedo empezar a aprender a utilizar The Photographer&#8217;s Assistant?<\/h4>\n\n\n\n<p>Comience con el <strong><a href=\".\/guia-de-usuario\/\">Manual del usuario<\/a><\/strong> y los <a href=\"..\/category\/videos\/\">videos <\/a>que encontrar\u00e1 en este sitio web.<\/p>\n\n\n\n<p>Tambi\u00e9n hay una secci\u00f3n de <a href=\"..\/category\/articles\/\">art\u00edculos<\/a> sobre tipos de luz, fotograf\u00eda de luna, \u2026 y sobre la aplicaci\u00f3n.<\/p>\n\n\n\n<p>Recuerde que el <strong>Manual del usuario<\/strong> tambi\u00e9n est\u00e1 dentro de la aplicaci\u00f3n, tanto en ingl\u00e9s como en espa\u00f1ol (en este momento).<\/p>\n\n\n\n<h4 class=\"wp-block-heading\" id=\"faq-Improve\">Tengo una idea para mejorar la aplicaci\u00f3n, \u00bfc\u00f3mo puedo enviaros?<\/h4>\n\n\n\n<p>Puede enviar comentarios a trav\u00e9s del formulario de <a href=\".\/contacto\/\">CONTACTO <\/a>o por correo electr\u00f3nico o desde FB.<\/p>\n\n\n\n<h4 class=\"wp-block-heading\">Tengo algunos problemas o he encontrado un error dentro de la aplicaci\u00f3n. \u00bfC\u00f3mo puedo corregirlo?<\/h4>\n\n\n\n<p>Puede enviar comentarios a trav\u00e9s del formulario de <a href=\".\/contacto\/\">CONTACTO <\/a>o por correo electr\u00f3nico.<\/p>\n\n\n\n<p>Intenta enviar la mayor cantidad de informaci\u00f3n posible: d\u00f3nde ocurre (qu\u00e9 asistente, calculadora, \u2026), c\u00f3mo ocurre (los pasos para reproducir el problema). Si es posible, env\u00edenos capturas de pantalla del problema.<\/p>\n\n\n\n<p>Intentaremos corregir lo m\u00e1s r\u00e1pido posible.<\/p>\n\n\n\n<h4 class=\"wp-block-heading\">Pol\u00edtica de privacidad<\/h4>\n\n\n\n<p>No recopilamos ninguna informaci\u00f3n personal en la aplicaci\u00f3n ni en nuestros servidores. Los servicios de terceros, como la elevaci\u00f3n y los mapas, utilizan informaci\u00f3n an\u00f3nima para los datos solicitados.<\/p>\n","protected":false},"excerpt":{"rendered":"<p>\u00bfPor qu\u00e9 The Photographer&#8217;s Assistant? \u00bfEn qu\u00e9 se diferencia con otras aplicaciones? En The Photographer&#8217;s Assistant puedes usar toda la pantalla de tu computadora (varias veces m\u00e1s grande que la pantalla de cualquier tel\u00e9fono) para planificar las fotos de tus sue\u00f1os. El uso del teclado y el mouse es m\u00e1s r\u00e1pido que tocar la pantalla,&hellip; <br \/> <a class=\"read-more\" href=\"https:\/\/thephotographersassistant.net\/es\/faq\/\">Leer m\u00e1s<\/a><\/p>\n","protected":false},"author":1,"featured_media":0,"parent":0,"menu_order":0,"comment_status":"closed","ping_status":"closed","template":"","meta":{"footnotes":""},"class_list":["post-34","page","type-page","status-publish","hentry"],"_links":{"self":[{"href":"https:\/\/thephotographersassistant.net\/es\/wp-json\/wp\/v2\/pages\/34","targetHints":{"allow":["GET"]}}],"collection":[{"href":"https:\/\/thephotographersassistant.net\/es\/wp-json\/wp\/v2\/pages"}],"about":[{"href":"https:\/\/thephotographersassistant.net\/es\/wp-json\/wp\/v2\/types\/page"}],"author":[{"embeddable":true,"href":"https:\/\/thephotographersassistant.net\/es\/wp-json\/wp\/v2\/users\/1"}],"replies":[{"embeddable":true,"href":"https:\/\/thephotographersassistant.net\/es\/wp-json\/wp\/v2\/comments?post=34"}],"version-history":[{"count":2,"href":"https:\/\/thephotographersassistant.net\/es\/wp-json\/wp\/v2\/pages\/34\/revisions"}],"predecessor-version":[{"id":1313,"href":"https:\/\/thephotographersassistant.net\/es\/wp-json\/wp\/v2\/pages\/34\/revisions\/1313"}],"wp:attachment":[{"href":"https:\/\/thephotographersassistant.net\/es\/wp-json\/wp\/v2\/media?parent=34"}],"curies":[{"name":"wp","href":"https:\/\/api.w.org\/{rel}","templated":true}]}}