{"id":33,"date":"2019-09-17T10:36:50","date_gmt":"2019-09-17T09:36:50","guid":{"rendered":"http:\/\/localhost\/wordpress\/?page_id=12"},"modified":"2021-09-23T09:59:38","modified_gmt":"2021-09-23T09:59:38","slug":"contacto","status":"publish","type":"page","link":"https:\/\/thephotographersassistant.net\/es\/contacto\/","title":{"rendered":"Contacto"},"content":{"rendered":"\n<p>Mejoramos continuamente The Photographer&#8217;s Assistant<\/p>\n\n\n\n<p>Si crees que es una gran herramienta o que tienes una idea para mejorar, cu\u00e9ntanos utilizando los enlaces a continuaci\u00f3n.<\/p>\n\n\n\n<p><a href=\"mailto:info@thephotographersassistant.net?subject=Tengo%20una%20idea%20para%20mejorar%20la%20app&amp;body=\u00a1Cu\u00e9ntanos%20tu%20idea%20aqu\u00ed!%20\u00a1Muchas%20gracias!\">Tengo una idea para mejorar la aplicaci\u00f3n<\/a><\/p>\n\n\n\n<p><a href=\"mailto:info@thephotographersassistant.net?subject=Tengo%20una%20pregunta&amp;body=Mi%20pregunta%20es%20sobre\">\u00bfTienes alguna pregunta?<\/a><\/p>\n\n\n\n<p><a href=\"mailto:info@thephotographersassistant.net?subject=Estoy%20teniendo%20problemas%20con%20la%20app&amp;body=Cu\u00e9ntanos%20qu\u00e9%20problemas%20est\u00e1n%20teniendo.%20Si%20es%20posible,%20a\u00f1ade%20capturas%20de%20pantalla%20y%20los%20pasos%20para%20reproducir%20el%20problema.%20\u00a1Muchas%20gracias!\">Tengo problemas con la aplicaci\u00f3n.<\/a><\/p>\n","protected":false},"excerpt":{"rendered":"<p>Mejoramos continuamente The Photographer&#8217;s Assistant Si crees que es una gran herramienta o que tienes una idea para mejorar, cu\u00e9ntanos utilizando los enlaces a continuaci\u00f3n. Tengo una idea para mejorar la aplicaci\u00f3n \u00bfTienes alguna pregunta? Tengo problemas con la aplicaci\u00f3n.<\/p>\n","protected":false},"author":1,"featured_media":0,"parent":0,"menu_order":0,"comment_status":"closed","ping_status":"closed","template":"","meta":{"footnotes":""},"class_list":["post-33","page","type-page","status-publish","hentry"],"_links":{"self":[{"href":"https:\/\/thephotographersassistant.net\/es\/wp-json\/wp\/v2\/pages\/33","targetHints":{"allow":["GET"]}}],"collection":[{"href":"https:\/\/thephotographersassistant.net\/es\/wp-json\/wp\/v2\/pages"}],"about":[{"href":"https:\/\/thephotographersassistant.net\/es\/wp-json\/wp\/v2\/types\/page"}],"author":[{"embeddable":true,"href":"https:\/\/thephotographersassistant.net\/es\/wp-json\/wp\/v2\/users\/1"}],"replies":[{"embeddable":true,"href":"https:\/\/thephotographersassistant.net\/es\/wp-json\/wp\/v2\/comments?post=33"}],"version-history":[{"count":5,"href":"https:\/\/thephotographersassistant.net\/es\/wp-json\/wp\/v2\/pages\/33\/revisions"}],"predecessor-version":[{"id":1315,"href":"https:\/\/thephotographersassistant.net\/es\/wp-json\/wp\/v2\/pages\/33\/revisions\/1315"}],"wp:attachment":[{"href":"https:\/\/thephotographersassistant.net\/es\/wp-json\/wp\/v2\/media?parent=33"}],"curies":[{"name":"wp","href":"https:\/\/api.w.org\/{rel}","templated":true}]}}