{"id":253,"date":"2020-09-18T09:38:10","date_gmt":"2020-09-18T08:38:10","guid":{"rendered":"http:\/\/localhost\/wordpress\/?page_id=253"},"modified":"2021-09-23T10:53:57","modified_gmt":"2021-09-23T10:53:57","slug":"glossary-w","status":"publish","type":"page","link":"https:\/\/thephotographersassistant.net\/es\/glosario\/glossary-w\/","title":{"rendered":"V"},"content":{"rendered":"\n<p><strong>V\u00eda L\u00e1ctea<\/strong><\/p>\n\n\n\n<p>Galaxia a la que pertenecemos, visible desde la Tierra como una banda de luz m\u00e1s brillante que el resto del cielo que forma un arco. <a href=\"http:\/\/en.wikipedia.org\/wiki\/Milkyway\">Wikipedia<\/a>.<\/p>\n\n\n\n<p><strong>Viento solar<\/strong><\/p>\n\n\n\n<p>Flujo constante de part\u00edculas de alta energ\u00eda (en su mayor\u00eda electrones y protones) que salen despedidos del sol a gran velocidad y temperatura. Las auroras son causadas por la interacci\u00f3n del viento solar y nuestra atm\u00f3sfera. <a href=\"https:\/\/www.timeanddate.com\/astronomy\/northern-southern-lights.html\">Time and Date<\/a><\/p>\n\n\n\n<p><strong>VL<\/strong><\/p>\n\n\n\n<p>Ver V\u00eda L\u00e1ctea.<\/p>\n\n\n\n<p><br><br><br><a href=\".\/glosario\/\">\u20ea    Volver al \u00edndice<\/a><\/p>\n","protected":false},"excerpt":{"rendered":"<p>V\u00eda L\u00e1ctea Galaxia a la que pertenecemos, visible desde la Tierra como una banda de luz m\u00e1s brillante que el resto del cielo que forma un arco. Wikipedia. Viento solar Flujo constante de part\u00edculas de alta energ\u00eda (en su mayor\u00eda electrones y protones) que salen despedidos del sol a gran velocidad y temperatura. Las auroras&hellip; <br \/> <a class=\"read-more\" href=\"https:\/\/thephotographersassistant.net\/es\/glosario\/glossary-w\/\">Leer m\u00e1s<\/a><\/p>\n","protected":false},"author":1,"featured_media":0,"parent":44,"menu_order":0,"comment_status":"closed","ping_status":"closed","template":"","meta":{"footnotes":""},"class_list":["post-253","page","type-page","status-publish","hentry"],"_links":{"self":[{"href":"https:\/\/thephotographersassistant.net\/es\/wp-json\/wp\/v2\/pages\/253","targetHints":{"allow":["GET"]}}],"collection":[{"href":"https:\/\/thephotographersassistant.net\/es\/wp-json\/wp\/v2\/pages"}],"about":[{"href":"https:\/\/thephotographersassistant.net\/es\/wp-json\/wp\/v2\/types\/page"}],"author":[{"embeddable":true,"href":"https:\/\/thephotographersassistant.net\/es\/wp-json\/wp\/v2\/users\/1"}],"replies":[{"embeddable":true,"href":"https:\/\/thephotographersassistant.net\/es\/wp-json\/wp\/v2\/comments?post=253"}],"version-history":[{"count":2,"href":"https:\/\/thephotographersassistant.net\/es\/wp-json\/wp\/v2\/pages\/253\/revisions"}],"predecessor-version":[{"id":1333,"href":"https:\/\/thephotographersassistant.net\/es\/wp-json\/wp\/v2\/pages\/253\/revisions\/1333"}],"up":[{"embeddable":true,"href":"https:\/\/thephotographersassistant.net\/es\/wp-json\/wp\/v2\/pages\/44"}],"wp:attachment":[{"href":"https:\/\/thephotographersassistant.net\/es\/wp-json\/wp\/v2\/media?parent=253"}],"curies":[{"name":"wp","href":"https:\/\/api.w.org\/{rel}","templated":true}]}}