{"id":249,"date":"2020-09-18T09:36:39","date_gmt":"2020-09-18T08:36:39","guid":{"rendered":"http:\/\/localhost\/wordpress\/?page_id=249"},"modified":"2021-09-23T10:53:37","modified_gmt":"2021-09-23T10:53:37","slug":"glossary-t","status":"publish","type":"page","link":"https:\/\/thephotographersassistant.net\/es\/glosario\/glossary-t\/","title":{"rendered":"T"},"content":{"rendered":"\n<p><strong>Tiempo m\u00e1ximo de exposici\u00f3n<\/strong><\/p>\n\n\n\n<p>Tiempo de exposici\u00f3n m\u00e1xima del obturador para que las estrellas aparezcan como puntos (y no peque\u00f1as trazas) o la luna tome una forma ovalada o pierda detalle.<\/p>\n\n\n\n<p><strong>Tr\u00e1nsito<\/strong><\/p>\n\n\n\n<p>Momento en el que el sol o la luna est\u00e1 al azimut 180\u00ba y a la elevaci\u00f3n m\u00e1xima del d\u00eda.<\/p>\n\n\n\n<p><strong>Tr\u00e1nsito planetario<\/strong><\/p>\n\n\n\n<p>Evento que ocurre cuando un planeta pasa por delante del sol. Son visibles desde la Tierra como peque\u00f1os puntos negros sobre el disco solar. Los \u00fanicos planetas que tiene tr\u00e1nsito son Mercurio y Venus, ya que orbitan m\u00e1s cerca que la Tierra.<\/p>\n\n\n\n<p><br><br><br><a href=\".\/glosario\/\">\u20ea    Volver al \u00edndice<\/a><\/p>\n","protected":false},"excerpt":{"rendered":"<p>Tiempo m\u00e1ximo de exposici\u00f3n Tiempo de exposici\u00f3n m\u00e1xima del obturador para que las estrellas aparezcan como puntos (y no peque\u00f1as trazas) o la luna tome una forma ovalada o pierda detalle. Tr\u00e1nsito Momento en el que el sol o la luna est\u00e1 al azimut 180\u00ba y a la elevaci\u00f3n m\u00e1xima del d\u00eda. Tr\u00e1nsito planetario Evento&hellip; <br \/> <a class=\"read-more\" href=\"https:\/\/thephotographersassistant.net\/es\/glosario\/glossary-t\/\">Leer m\u00e1s<\/a><\/p>\n","protected":false},"author":1,"featured_media":0,"parent":44,"menu_order":0,"comment_status":"closed","ping_status":"closed","template":"","meta":{"footnotes":""},"class_list":["post-249","page","type-page","status-publish","hentry"],"_links":{"self":[{"href":"https:\/\/thephotographersassistant.net\/es\/wp-json\/wp\/v2\/pages\/249","targetHints":{"allow":["GET"]}}],"collection":[{"href":"https:\/\/thephotographersassistant.net\/es\/wp-json\/wp\/v2\/pages"}],"about":[{"href":"https:\/\/thephotographersassistant.net\/es\/wp-json\/wp\/v2\/types\/page"}],"author":[{"embeddable":true,"href":"https:\/\/thephotographersassistant.net\/es\/wp-json\/wp\/v2\/users\/1"}],"replies":[{"embeddable":true,"href":"https:\/\/thephotographersassistant.net\/es\/wp-json\/wp\/v2\/comments?post=249"}],"version-history":[{"count":2,"href":"https:\/\/thephotographersassistant.net\/es\/wp-json\/wp\/v2\/pages\/249\/revisions"}],"predecessor-version":[{"id":1331,"href":"https:\/\/thephotographersassistant.net\/es\/wp-json\/wp\/v2\/pages\/249\/revisions\/1331"}],"up":[{"embeddable":true,"href":"https:\/\/thephotographersassistant.net\/es\/wp-json\/wp\/v2\/pages\/44"}],"wp:attachment":[{"href":"https:\/\/thephotographersassistant.net\/es\/wp-json\/wp\/v2\/media?parent=249"}],"curies":[{"name":"wp","href":"https:\/\/api.w.org\/{rel}","templated":true}]}}