{"id":247,"date":"2020-09-18T09:35:37","date_gmt":"2020-09-18T08:35:37","guid":{"rendered":"http:\/\/localhost\/wordpress\/?page_id=247"},"modified":"2021-09-23T10:53:28","modified_gmt":"2021-09-23T10:53:28","slug":"glossary-s","status":"publish","type":"page","link":"https:\/\/thephotographersassistant.net\/es\/glosario\/glossary-s\/","title":{"rendered":"S"},"content":{"rendered":"\n<p><strong>Salida de luna<\/strong><\/p>\n\n\n\n<p>Momento en el que la luna es visible sobre el horizonte. Por causas de la refracci\u00f3n en la atm\u00f3sfera terrestre, este evento ocurre antes de que realmente aparezca en el horizonte. Durante los d\u00edas nublados y en fechas de luna nueva, la luna no ser\u00e1 visible, aunque est\u00e9 sobre el horizonte. <a href=\"https:\/\/www.timeanddate.com\/moon\/\">Time and Date<\/a><\/p>\n\n\n\n<p><strong>Sistema de coordenadas horizontales<\/strong><\/p>\n\n\n\n<p>Es un m\u00e9todo para definir posiciones de objetos en el cielo, como pueden ser el sol, la luna, estrellas y planetas. Se basa en \u00e1ngulos de posici\u00f3n del elevaci\u00f3n y azimut originados desde el observador. <a href=\"https:\/\/www.timeanddate.com\/astronomy\/horizontal-coordinate-system.html\">Time and Date<\/a><\/p>\n\n\n\n<p><strong>Sol<\/strong><\/p>\n\n\n\n<p>Estrella en el centro de nuestro Sistema Solar. <a href=\"http:\/\/en.wikipedia.org\/wiki\/Sun\">Wikipedia<\/a>.<\/p>\n\n\n\n<p><strong>Sol de medianoche<\/strong><\/p>\n\n\n\n<p>Cuando al menos una parte del sol siempre es visible sobre el horizonte durante las 24 horas del d\u00eda. Tambi\u00e9n conocido como d\u00eda polar. <a href=\"https:\/\/www.timeanddate.com\/astronomy\/midnight-sun.html\">Time and Date<\/a><\/p>\n\n\n\n<p><strong>Solsticio<\/strong><\/p>\n\n\n\n<p>Evento que ocurre dos veces al a\u00f1o (solsticio de junio y de diciembre) cuando el sol est\u00e1 exactamente sobre el Tr\u00f3pico de C\u00e1ncer o el Tr\u00f3pico de Capricornio. El solsticio de invierno es el d\u00eda m\u00e1s corto del a\u00f1o y traza el arco m\u00e1s bajo en el cielo, mientras que el de verano es el m\u00e1s largo, trazando el arco m\u00e1s alto. <a href=\"https:\/\/www.timeanddate.com\/geography\/longitude-latitude.html\">Tropic of Cancer<\/a>, <a href=\"https:\/\/www.timeanddate.com\/geography\/longitude-latitude.html\">Tropic of Capricorn<\/a>, <a href=\"http:\/\/en.wikipedia.org\/wiki\/Solstice\">Wikipedia<\/a><\/p>\n\n\n\n<p><strong>Solsticio de verano<\/strong><\/p>\n\n\n\n<p>Evento que marca el inicio del verano, con el d\u00eda m\u00e1s largo del a\u00f1o y la noche m\u00e1s corta. En el hemisferio norte, ocurre en junio, mientras que en el hemisferio sur se da en diciembre. <a href=\"https:\/\/www.timeanddate.com\/calendar\/summer-solstice.html\">Time and Date<\/a><\/p>\n\n\n\n<p><strong>Star Trail<\/strong><\/p>\n\n\n\n<p>L\u00ednea, arco o c\u00edrculo que traza una estrella en el cielo nocturno en una foto usando una larga exposici\u00f3n en una c\u00e1mara con montura fija, es causada por la rotaci\u00f3n de la Tierra sobre su eje en la que aparenta que son las estrellas las que giran lentamente en el cielo. <a href=\"http:\/\/en.wikipedia.org\/wiki\/Star_trail_photography\">Wikipedia<\/a>.<\/p>\n\n\n\n<p><strong>Superluna<\/strong><\/p>\n\n\n\n<p>Luna llena que ocurre cuando la \u00f3rbita de la luna se encuentra en el punto cercano a la Tierra (perigeo) produciendo una luna de mayor tama\u00f1o y brillo al normal. <a href=\"https:\/\/www.timeanddate.com\/astronomy\/moon\/super-full-moon.html\">Time and Date<\/a> \/ <a href=\"http:\/\/en.wikipedia.org\/wiki\/Supermoon\">Wikipedia<\/a>.<\/p>\n\n\n\n<p><br><br><br><a href=\".\/glosario\/\">\u20ea    Volver al \u00edndice<\/a><\/p>\n","protected":false},"excerpt":{"rendered":"<p>Salida de luna Momento en el que la luna es visible sobre el horizonte. Por causas de la refracci\u00f3n en la atm\u00f3sfera terrestre, este evento ocurre antes de que realmente aparezca en el horizonte. Durante los d\u00edas nublados y en fechas de luna nueva, la luna no ser\u00e1 visible, aunque est\u00e9 sobre el horizonte. Time&hellip; <br \/> <a class=\"read-more\" href=\"https:\/\/thephotographersassistant.net\/es\/glosario\/glossary-s\/\">Leer m\u00e1s<\/a><\/p>\n","protected":false},"author":1,"featured_media":0,"parent":44,"menu_order":0,"comment_status":"closed","ping_status":"closed","template":"","meta":{"footnotes":""},"class_list":["post-247","page","type-page","status-publish","hentry"],"_links":{"self":[{"href":"https:\/\/thephotographersassistant.net\/es\/wp-json\/wp\/v2\/pages\/247","targetHints":{"allow":["GET"]}}],"collection":[{"href":"https:\/\/thephotographersassistant.net\/es\/wp-json\/wp\/v2\/pages"}],"about":[{"href":"https:\/\/thephotographersassistant.net\/es\/wp-json\/wp\/v2\/types\/page"}],"author":[{"embeddable":true,"href":"https:\/\/thephotographersassistant.net\/es\/wp-json\/wp\/v2\/users\/1"}],"replies":[{"embeddable":true,"href":"https:\/\/thephotographersassistant.net\/es\/wp-json\/wp\/v2\/comments?post=247"}],"version-history":[{"count":2,"href":"https:\/\/thephotographersassistant.net\/es\/wp-json\/wp\/v2\/pages\/247\/revisions"}],"predecessor-version":[{"id":1330,"href":"https:\/\/thephotographersassistant.net\/es\/wp-json\/wp\/v2\/pages\/247\/revisions\/1330"}],"up":[{"embeddable":true,"href":"https:\/\/thephotographersassistant.net\/es\/wp-json\/wp\/v2\/pages\/44"}],"wp:attachment":[{"href":"https:\/\/thephotographersassistant.net\/es\/wp-json\/wp\/v2\/media?parent=247"}],"curies":[{"name":"wp","href":"https:\/\/api.w.org\/{rel}","templated":true}]}}