{"id":245,"date":"2020-09-18T09:33:53","date_gmt":"2020-09-18T08:33:53","guid":{"rendered":"http:\/\/localhost\/wordpress\/?page_id=245"},"modified":"2021-09-23T10:53:15","modified_gmt":"2021-09-23T10:53:15","slug":"glossary-r","status":"publish","type":"page","link":"https:\/\/thephotographersassistant.net\/es\/glosario\/glossary-r\/","title":{"rendered":"R"},"content":{"rendered":"\n<p><strong>Refracci\u00f3n<\/strong><\/p>\n\n\n\n<p>La&nbsp;<strong>refracci\u00f3n de la luz<\/strong>&nbsp;es el cambio de direcci\u00f3n de los rayos de luz que ocurre tras pasar estos de un medio a otro en el que la luz se propaga con distinta velocidad. Este efecto ocurre en la entrada de la luz del sol en la atm\u00f3sfera de la Tierra. <a href=\"https:\/\/www.timeanddate.com\/astronomy\/refraction.html\">Time and Date<\/a><\/p>\n\n\n\n<p><strong>Reflexi\u00f3n<\/strong><\/p>\n\n\n\n<p>La&nbsp;reflexi\u00f3n&nbsp;es el cambio de direcci\u00f3n de la luz que, al entrar en contacto con la superficie de separaci\u00f3n entre dos medios cambiantes (como un espejo, cuerpo de agua, superficies met\u00e1licas\u2026), regresa al medio donde se origin\u00f3 en forma de reflejo.<\/p>\n\n\n\n<p><br><br><br><a href=\".\/glosario\/\">\u20ea    Volver al \u00edndice<\/a><\/p>\n","protected":false},"excerpt":{"rendered":"<p>Refracci\u00f3n La&nbsp;refracci\u00f3n de la luz&nbsp;es el cambio de direcci\u00f3n de los rayos de luz que ocurre tras pasar estos de un medio a otro en el que la luz se propaga con distinta velocidad. Este efecto ocurre en la entrada de la luz del sol en la atm\u00f3sfera de la Tierra. Time and Date Reflexi\u00f3n&hellip; <br \/> <a class=\"read-more\" href=\"https:\/\/thephotographersassistant.net\/es\/glosario\/glossary-r\/\">Leer m\u00e1s<\/a><\/p>\n","protected":false},"author":1,"featured_media":0,"parent":44,"menu_order":0,"comment_status":"closed","ping_status":"closed","template":"","meta":{"footnotes":""},"class_list":["post-245","page","type-page","status-publish","hentry"],"_links":{"self":[{"href":"https:\/\/thephotographersassistant.net\/es\/wp-json\/wp\/v2\/pages\/245","targetHints":{"allow":["GET"]}}],"collection":[{"href":"https:\/\/thephotographersassistant.net\/es\/wp-json\/wp\/v2\/pages"}],"about":[{"href":"https:\/\/thephotographersassistant.net\/es\/wp-json\/wp\/v2\/types\/page"}],"author":[{"embeddable":true,"href":"https:\/\/thephotographersassistant.net\/es\/wp-json\/wp\/v2\/users\/1"}],"replies":[{"embeddable":true,"href":"https:\/\/thephotographersassistant.net\/es\/wp-json\/wp\/v2\/comments?post=245"}],"version-history":[{"count":2,"href":"https:\/\/thephotographersassistant.net\/es\/wp-json\/wp\/v2\/pages\/245\/revisions"}],"predecessor-version":[{"id":1329,"href":"https:\/\/thephotographersassistant.net\/es\/wp-json\/wp\/v2\/pages\/245\/revisions\/1329"}],"up":[{"embeddable":true,"href":"https:\/\/thephotographersassistant.net\/es\/wp-json\/wp\/v2\/pages\/44"}],"wp:attachment":[{"href":"https:\/\/thephotographersassistant.net\/es\/wp-json\/wp\/v2\/media?parent=245"}],"curies":[{"name":"wp","href":"https:\/\/api.w.org\/{rel}","templated":true}]}}