{"id":241,"date":"2020-09-18T09:32:16","date_gmt":"2020-09-18T08:32:16","guid":{"rendered":"http:\/\/localhost\/wordpress\/?page_id=241"},"modified":"2021-09-23T10:53:04","modified_gmt":"2021-09-23T10:53:04","slug":"glossary-p","status":"publish","type":"page","link":"https:\/\/thephotographersassistant.net\/es\/glosario\/glossary-p\/","title":{"rendered":"P"},"content":{"rendered":"\n<p><strong>Paraselene<\/strong><\/p>\n\n\n\n<p><a href=\"https:\/\/es.wikipedia.org\/wiki\/%C3%93ptica\">Fen\u00f3meno \u00f3ptico<\/a> causado por la <a href=\"https:\/\/es.wikipedia.org\/wiki\/Reflexi%C3%B3n_(f%C3%ADsica)\">reflexi\u00f3n<\/a>\/<a href=\"https:\/\/es.wikipedia.org\/wiki\/Refracci%C3%B3n\">refracci\u00f3n<\/a> de la <a href=\"https:\/\/es.wikipedia.org\/wiki\/Luz\">luz<\/a> de la luna en las <a href=\"https:\/\/es.wikipedia.org\/wiki\/Hielo\">part\u00edculas de hielo<\/a> de las <a href=\"https:\/\/es.wikipedia.org\/wiki\/Nubes\">nubes<\/a> <a href=\"https:\/\/es.wikipedia.org\/wiki\/Cirro\">cirro<\/a>. Se manifiestan a una distancia de 22\u00ba grados a la izquierda o a la derecha de la luna, como manchas brillantes y coloridas.<\/p>\n\n\n\n<p>Las producidas por el sol se conocen como parhelios.<\/p>\n\n\n\n<p><a href=\"https:\/\/es.wikipedia.org\/wiki\/Paraselene\">Wikipedia<\/a><\/p>\n\n\n\n<p><strong>Parhelio<\/strong><\/p>\n\n\n\n<p><a href=\"https:\/\/es.wikipedia.org\/wiki\/%C3%93ptica\">Fen\u00f3meno \u00f3ptico<\/a> causado por la <a href=\"https:\/\/es.wikipedia.org\/wiki\/Reflexi%C3%B3n_(f%C3%ADsica)\">reflexi\u00f3n<\/a>\/<a href=\"https:\/\/es.wikipedia.org\/wiki\/Refracci%C3%B3n\">refracci\u00f3n<\/a> de la <a href=\"https:\/\/es.wikipedia.org\/wiki\/Luz\">luz<\/a> del sol en las <a href=\"https:\/\/es.wikipedia.org\/wiki\/Hielo\">part\u00edculas de hielo<\/a> de las <a href=\"https:\/\/es.wikipedia.org\/wiki\/Nubes\">nubes<\/a> <a href=\"https:\/\/es.wikipedia.org\/wiki\/Cirro\">cirro<\/a>. Son parecidas a los halos solares (e incluso pueden ocurrir a la vez). Se manifiestan a una distancia de 22\u00ba grados a la izquierda o a la derecha del sol, como manchas brillantes y coloridas.<\/p>\n\n\n\n<p>Los producidos por la luna se conocen como paraselenes.<\/p>\n\n\n\n<p><a href=\"https:\/\/www.timeanddate.com\/astronomy\/optical-phenomenon.html\">Time and Date<\/a><\/p>\n\n\n\n<p><strong>Penumbra<\/strong><\/p>\n\n\n\n<p>Parte exterior m\u00e1s clara de la sombra. Los eclipses parciales de sol son producidos por la penumbra de la luna y la Tierra proyecta la suya en eclipses lunares penumbrales. &nbsp;<a href=\"https:\/\/www.timeanddate.com\/eclipse\/penumbra-shadow.html\">Time and Date<\/a><\/p>\n\n\n\n<p><strong>Perigeo<\/strong><\/p>\n\n\n\n<p>Punto de la \u00f3rbita en la que el objeto est\u00e1 m\u00e1s cerca de la Tierra.<\/p>\n\n\n\n<p>Los d\u00edas de perigeo de la luna son muy apreciados en la fotograf\u00eda, especialmente en su fase de luna llena, tambi\u00e9n conocidos como superlunas, en las que son especialmente m\u00e1s grandes y brillantes.<\/p>\n\n\n\n<p><a href=\"http:\/\/en.wikipedia.org\/wiki\/Apsis\">Wikipedia<\/a>.<\/p>\n\n\n\n<p><strong>Perigeo lunar<\/strong><\/p>\n\n\n\n<p>Punto en la \u00f3rbita lunar m\u00e1s cercana a la Tierra. &nbsp;<a href=\"https:\/\/www.timeanddate.com\/astronomy\/moon\/lunar-perigee-apogee.html\">Time and Date<\/a><\/p>\n\n\n\n<p><strong>Perihelio<\/strong><\/p>\n\n\n\n<p>Punto m\u00e1s cercano al sol en la \u00f3rbita de la Tierra. <a href=\"https:\/\/www.timeanddate.com\/astronomy\/perihelion-aphelion-solstice.html\">Time and Date<\/a><\/p>\n\n\n\n<p><strong>Pilares de luz<\/strong><\/p>\n\n\n\n<p>Fen\u00f3meno atmosf\u00e9rico causado por la luz reflectada en los cristales de hielo de la atm\u00f3sfera. <a href=\"https:\/\/www.timeanddate.com\/astronomy\/optical-phenomenon.html\">Time and Date<\/a><\/p>\n\n\n\n<p><strong>Plano ecl\u00edptico<\/strong><\/p>\n\n\n\n<p>Tambi\u00e9n llamado plano orbital, es la l\u00ednea imaginaria que aparentemente traza el sol en el cielo o la proyecci\u00f3n de la \u00f3rbita terrestre en la esfera celestial. Todas las constelaciones, <em>Ophiucus<\/em> incluida, son conocidas como zodiacales o constelaciones zodiacales.<\/p>\n\n\n\n<p><strong>Polaris<\/strong><\/p>\n\n\n\n<p>Tambi\u00e9n conocido como estrella polar o estrella del norte, es la estrella m\u00e1s brillante de la constelaci\u00f3n Oso Menor y permanece muy cerca del polo norte de la esfera celestial. <a href=\"http:\/\/en.wikipedia.org\/wiki\/Polaris\">Wikipedia<\/a>.<\/p>\n\n\n\n<p><strong>Polo celestial<\/strong><\/p>\n\n\n\n<p>Puntos imaginarios en el cielo donde el eje de rotaci\u00f3n de la Tierra cruza la esfera celestial. En los polos geogr\u00e1ficos estar\u00e1n justo encima en el cielo (elevaci\u00f3n de 90\u00ba). Todos los objetos que est\u00e9n en el polo celestial parecer\u00e1n que no rotan en absoluto mientras que los dem\u00e1s objetos, estrellas en su mayor\u00eda, parecer\u00e1n que rotan alrededor de estos puntos. <a href=\"http:\/\/en.wikipedia.org\/wiki\/North_celestial_pole\">Wikipedia<\/a>.<\/p>\n\n\n\n<p><strong>Proporci\u00f3n de sombra<\/strong><\/p>\n\n\n\n<p>Proporci\u00f3n entre la altura de un objeto o superficie y la longitud de su sombra sobre un plano.<\/p>\n\n\n\n<p><strong>Puesta de luna<\/strong><\/p>\n\n\n\n<p>Momento en el que la luna deja de ser visible tras el horizonte. Por causas de la refracci\u00f3n en la atm\u00f3sfera terrestre, este evento ocurre despu\u00e9s de que realmente desaparezca en el horizonte. Durante los d\u00edas nublados y en fechas de luna nueva, la luna no ser\u00e1 visible, aunque est\u00e9 sobre el horizonte. <a href=\"https:\/\/www.timeanddate.com\/moon\/\">Time and Date<\/a><\/p>\n\n\n\n<p><br><br><br><a href=\".\/glosario\/\">\u20ea    Volver al \u00edndice<\/a><\/p>\n","protected":false},"excerpt":{"rendered":"<p>Paraselene Fen\u00f3meno \u00f3ptico causado por la reflexi\u00f3n\/refracci\u00f3n de la luz de la luna en las part\u00edculas de hielo de las nubes cirro. Se manifiestan a una distancia de 22\u00ba grados a la izquierda o a la derecha de la luna, como manchas brillantes y coloridas. Las producidas por el sol se conocen como parhelios. Wikipedia&hellip; <br \/> <a class=\"read-more\" href=\"https:\/\/thephotographersassistant.net\/es\/glosario\/glossary-p\/\">Leer m\u00e1s<\/a><\/p>\n","protected":false},"author":1,"featured_media":0,"parent":44,"menu_order":0,"comment_status":"closed","ping_status":"closed","template":"","meta":{"footnotes":""},"class_list":["post-241","page","type-page","status-publish","hentry"],"_links":{"self":[{"href":"https:\/\/thephotographersassistant.net\/es\/wp-json\/wp\/v2\/pages\/241","targetHints":{"allow":["GET"]}}],"collection":[{"href":"https:\/\/thephotographersassistant.net\/es\/wp-json\/wp\/v2\/pages"}],"about":[{"href":"https:\/\/thephotographersassistant.net\/es\/wp-json\/wp\/v2\/types\/page"}],"author":[{"embeddable":true,"href":"https:\/\/thephotographersassistant.net\/es\/wp-json\/wp\/v2\/users\/1"}],"replies":[{"embeddable":true,"href":"https:\/\/thephotographersassistant.net\/es\/wp-json\/wp\/v2\/comments?post=241"}],"version-history":[{"count":2,"href":"https:\/\/thephotographersassistant.net\/es\/wp-json\/wp\/v2\/pages\/241\/revisions"}],"predecessor-version":[{"id":1328,"href":"https:\/\/thephotographersassistant.net\/es\/wp-json\/wp\/v2\/pages\/241\/revisions\/1328"}],"up":[{"embeddable":true,"href":"https:\/\/thephotographersassistant.net\/es\/wp-json\/wp\/v2\/pages\/44"}],"wp:attachment":[{"href":"https:\/\/thephotographersassistant.net\/es\/wp-json\/wp\/v2\/media?parent=241"}],"curies":[{"name":"wp","href":"https:\/\/api.w.org\/{rel}","templated":true}]}}