{"id":235,"date":"2020-09-18T09:27:42","date_gmt":"2020-09-18T08:27:42","guid":{"rendered":"http:\/\/localhost\/wordpress\/?page_id=235"},"modified":"2021-09-23T10:52:27","modified_gmt":"2021-09-23T10:52:27","slug":"glossary-m","status":"publish","type":"page","link":"https:\/\/thephotographersassistant.net\/es\/glosario\/glossary-m\/","title":{"rendered":"M"},"content":{"rendered":"\n<p><strong>Mareas<\/strong><\/p>\n\n\n\n<p>Cambio peri\u00f3dico del nivel del mar (altura) causados por las fuerzas gravitacionales de la luna y el sol. El momento con la altura m\u00e1s baja se conoce como marea baja y con la mayor altura marea alta. <a href=\"https:\/\/www.timeanddate.com\/astronomy\/moon\/tides.html\">Time and Date<\/a> \/ <a href=\"https:\/\/es.wikipedia.org\/wiki\/Marea\">Wikipedia<\/a><\/p>\n\n\n\n<p><strong>Medianoche local o de sol<\/strong><\/p>\n\n\n\n<p>Momento del d\u00eda en el que el sol cruza el meridiano opuesto al del observador. En lugares donde ocurre el sol de medianoche, ser\u00e1 el punto m\u00e1s bajo por el que pasar\u00e1 el sol en el cielo. <a href=\"https:\/\/www.timeanddate.com\/astronomy\/midnight-sun.html\">Time and Date<\/a><\/p>\n\n\n\n<p><strong>Mediod\u00eda solar<\/strong><\/p>\n\n\n\n<p>Evento que ocurre cuando el sol cruza el meridiano de la localizaci\u00f3n y alcanza el punto m\u00e1s elevado en el cielo. En la mayor\u00eda de los lugares, no sucede a las 12 del mediod\u00eda. <a href=\"https:\/\/www.timeanddate.com\/astronomy\/solar-noon.html\">Time and Date<\/a><\/p>\n\n\n\n<p><strong>Mes lunar<\/strong><\/p>\n\n\n\n<p>Tiempo requerido por la luna para pasar por todas sus fases, medido desde la luna nueva hasta la siguiente. Tambi\u00e9n conocido como lunaci\u00f3n, el t\u00e9rmino astron\u00f3mico para este periodo es mes sin\u00f3dico. &nbsp;<a href=\"https:\/\/www.timeanddate.com\/astronomy\/moon\/lunar-month.html\">Time and Date<\/a><\/p>\n\n\n\n<p><strong>Meridiano<\/strong><\/p>\n\n\n\n<p>L\u00ednea imaginaria que va desde el polo norte al polo sur conectando todas las localizaciones de la misma longitud.<\/p>\n\n\n\n<p>Sobre el observador, es el momento en el que el sol o la luna est\u00e1n a su m\u00e1xima altura. Para el sol es el momento del mediod\u00eda solar. <a href=\"https:\/\/www.timeanddate.com\/geography\/longitude-latitude.html\">Time and Date<\/a><\/p>\n\n\n\n<p><strong>Mes sin\u00f3dico<\/strong><\/p>\n\n\n\n<p>Tiempo requerido por la luna para pasar por todas sus fases, medido desde la luna nueva hasta la siguiente. Tambi\u00e9n conocido como mes lunar o lunaci\u00f3n. <a href=\"https:\/\/www.timeanddate.com\/astronomy\/moon\/lunar-month.html\">Time and Date<\/a><\/p>\n\n\n\n<p><strong>Meteorito<\/strong><\/p>\n\n\n\n<p>Meteoro de roca especial o meteoroide que sobrevive a la entrada en la atm\u00f3sfera y que aterriza en la superficie terrestre. <a href=\"https:\/\/www.timeanddate.com\/astronomy\/meteor-shower\/\">Time and Date<\/a><\/p>\n\n\n\n<p><strong>Meteoro<\/strong><\/p>\n\n\n\n<p>Objeto celeste que entra en la atm\u00f3sfera terrestre causando un resplandor al colisionar con las part\u00edculas de aire que se encuentran en las partes m\u00e1s altas de la atm\u00f3sfera. Tambi\u00e9n conocido como estrella fugaz. <a href=\"https:\/\/www.timeanddate.com\/astronomy\/meteor-shower\/\">Time and Date<\/a><\/p>\n\n\n\n<p><strong>Meteoroide<\/strong><\/p>\n\n\n\n<p>Roca especial que est\u00e1 compuesta de part\u00edculas de polvo o fragmentos de cometas o asteroides. Un meteoroide se convertir\u00e1 en meteoro si entra en la atm\u00f3sfera de la Tierra causando un resplandor visible de noche y meteorito si consigue llegar hasta la superficie. <a href=\"https:\/\/www.timeanddate.com\/astronomy\/meteor-shower\/\">Time and Date<\/a><\/p>\n\n\n\n<p><strong>Microluna<\/strong><\/p>\n\n\n\n<p>Luna que, por su distancia a la Tierra, durante el apogeo, se ve de menor tama\u00f1o que el habitual. Normalmente solo se define durante las fases de luna llena y luna nueva. <a href=\"https:\/\/www.timeanddate.com\/astronomy\/moon\/micro-moon.html\">Time and Date<\/a><\/p>\n\n\n\n<p><br><br><br><a href=\".\/glosario\/\">\u20ea    Volver al \u00edndice<\/a><\/p>\n","protected":false},"excerpt":{"rendered":"<p>Mareas Cambio peri\u00f3dico del nivel del mar (altura) causados por las fuerzas gravitacionales de la luna y el sol. El momento con la altura m\u00e1s baja se conoce como marea baja y con la mayor altura marea alta. Time and Date \/ Wikipedia Medianoche local o de sol Momento del d\u00eda en el que el&hellip; <br \/> <a class=\"read-more\" href=\"https:\/\/thephotographersassistant.net\/es\/glosario\/glossary-m\/\">Leer m\u00e1s<\/a><\/p>\n","protected":false},"author":1,"featured_media":0,"parent":44,"menu_order":0,"comment_status":"closed","ping_status":"closed","template":"","meta":{"footnotes":""},"class_list":["post-235","page","type-page","status-publish","hentry"],"_links":{"self":[{"href":"https:\/\/thephotographersassistant.net\/es\/wp-json\/wp\/v2\/pages\/235","targetHints":{"allow":["GET"]}}],"collection":[{"href":"https:\/\/thephotographersassistant.net\/es\/wp-json\/wp\/v2\/pages"}],"about":[{"href":"https:\/\/thephotographersassistant.net\/es\/wp-json\/wp\/v2\/types\/page"}],"author":[{"embeddable":true,"href":"https:\/\/thephotographersassistant.net\/es\/wp-json\/wp\/v2\/users\/1"}],"replies":[{"embeddable":true,"href":"https:\/\/thephotographersassistant.net\/es\/wp-json\/wp\/v2\/comments?post=235"}],"version-history":[{"count":2,"href":"https:\/\/thephotographersassistant.net\/es\/wp-json\/wp\/v2\/pages\/235\/revisions"}],"predecessor-version":[{"id":1325,"href":"https:\/\/thephotographersassistant.net\/es\/wp-json\/wp\/v2\/pages\/235\/revisions\/1325"}],"up":[{"embeddable":true,"href":"https:\/\/thephotographersassistant.net\/es\/wp-json\/wp\/v2\/pages\/44"}],"wp:attachment":[{"href":"https:\/\/thephotographersassistant.net\/es\/wp-json\/wp\/v2\/media?parent=235"}],"curies":[{"name":"wp","href":"https:\/\/api.w.org\/{rel}","templated":true}]}}