{"id":232,"date":"2020-09-18T09:25:36","date_gmt":"2020-09-18T08:25:36","guid":{"rendered":"http:\/\/localhost\/wordpress\/?page_id=232"},"modified":"2021-09-23T10:52:16","modified_gmt":"2021-09-23T10:52:16","slug":"glossary-l","status":"publish","type":"page","link":"https:\/\/thephotographersassistant.net\/es\/glosario\/glossary-l\/","title":{"rendered":"L"},"content":{"rendered":"\n<p><strong>Latitud<\/strong><\/p>\n\n\n\n<p>Coordenada angular geogr\u00e1fica que indica la posici\u00f3n norte-sur de un punto en la superficie terrestre hasta el ecuador. Sus valores van desde 0\u00ba en el ecuador a +\/-90\u00ba en los polos. <a href=\"http:\/\/en.wikipedia.org\/wiki\/Latitude\">Wikipedia<\/a> \/ <a href=\"https:\/\/www.timeanddate.com\/geography\/longitude-latitude.html\">Time and Date<\/a><\/p>\n\n\n\n<p><strong>Lluvia de meteoros<\/strong><\/p>\n\n\n\n<p>Actividad inusual de meteoros que resplandecen durante breves instantes en el cielo nocturno durante un periodo de pocos d\u00edas o semanas. Seg\u00fan la cantidad de meteoros por hora ser\u00e1 de mayor o menos actividad. Seg\u00fan fechas y procedencia de los meteoros son conocidas por nombres propios como Perseidas (que son los meteoros procedentes desde \u00e1reas de la constelaci\u00f3n Perseo(, Drac\u00f3nidas (por su procedencia de la constelaci\u00f3n Drag\u00f3n), \u2026 <a href=\"https:\/\/www.timeanddate.com\/astronomy\/meteor-shower\/\">Time and Date<\/a><\/p>\n\n\n\n<p><strong>Longitud<\/strong><\/p>\n\n\n\n<p>Coordenada angular geogr\u00e1fica que indica la posici\u00f3n este-oeste de un punto en la superficie terrestre hasta el meridiano en Greenwich, Londres.&nbsp; Sus valores van desde 0\u00ba en el meridiano Greenwich hasta +\/-180\u00ba. <a href=\"http:\/\/en.wikipedia.org\/wiki\/Longitude\">Wikipedia<\/a> \/ <a href=\"https:\/\/www.timeanddate.com\/geography\/longitude-latitude.html\">Time and Date<\/a><\/p>\n\n\n\n<p><strong>Luna<\/strong><\/p>\n\n\n\n<p>Sat\u00e9lite natural de la Tierra. &nbsp;<a href=\"http:\/\/en.wikipedia.org\/wiki\/Moon\">Wikipedia<\/a>.<\/p>\n\n\n\n<p><strong>Lunaci\u00f3n<\/strong><\/p>\n\n\n\n<p>Tiempo requerido por la luna para pasar por todas sus fases, medido desde la luna nueva hasta la siguiente. Tambi\u00e9n conocido como mes lunar, y el t\u00e9rmino astron\u00f3mico para este periodo es mes sin\u00f3dico. Las lunaciones est\u00e1n numeradas por diferentes sistemas, pero la m\u00e1s usada es el sistema de numeraci\u00f3n de lunaci\u00f3n de Brown. &nbsp;<a href=\"https:\/\/www.timeanddate.com\/moon\/phases\/\">Moon phase pages<\/a>.&nbsp;<a href=\"https:\/\/www.timeanddate.com\/astronomy\/moon\/lunar-month.html\">Time and Date<\/a><\/p>\n\n\n\n<p><strong>Luna creciente<\/strong><\/p>\n\n\n\n<p>Fase lunar en la que menos de la mitad de la parte iluminada de la luna es visible desde la Tierra. Al ser creciente, la parte iluminada ir\u00e1 aumentando d\u00eda a dia. <a href=\"http:\/\/en.wikipedia.org\/wiki\/Waning_crescent_Moon#Names_of_lunar_phases\">Wikipedia<\/a>.<\/p>\n\n\n\n<p><strong>Luna gibosa creciente<\/strong><\/p>\n\n\n\n<p>Fase lunar en la que m\u00e1s de la mitad de la parte iluminada es visible. La parte iluminada ir\u00e1 aumentando hasta la fase de luna llena. <a href=\"http:\/\/en.wikipedia.org\/wiki\/Waning_crescent_Moon#Names_of_lunar_phases\">Wikipedia<\/a>.<\/p>\n\n\n\n<p><strong>Luna gibosa menguante<\/strong><\/p>\n\n\n\n<p>Fase lunar en la que m\u00e1s de la mitad de la parte iluminada es visible. La parte iluminada ir\u00e1 menguando d\u00edas tras d\u00eda. <a href=\"http:\/\/en.wikipedia.org\/wiki\/Waning_crescent_Moon#Names_of_lunar_phases\">Wikipedia<\/a>.<\/p>\n\n\n\n<p><strong>Luna llena<\/strong><\/p>\n\n\n\n<p>Fase lunar en la cual toda la superficie de la luna que mira a la Tierra est\u00e1 iluminada. En esta fase, la luna y el sol est\u00e1n en posiciones opuestas en el cielo. <a href=\"https:\/\/www.timeanddate.com\/astronomy\/moon\/full-moon.html\">Time and Date<\/a><strong>\/ <\/strong><a href=\"http:\/\/en.wikipedia.org\/wiki\/Full_moon\">Wikipedia<\/a>.<\/p>\n\n\n\n<p><strong>Luna nueva<\/strong><\/p>\n\n\n\n<p>Fase lunar en el que la parte iluminada no est\u00e1 visible desde la Tierra por lo que nos deja la luna en sombra. A veces la luna es visible debido a que el brillo de la Tierra reflejada incide en la parte en sombra. <a href=\"http:\/\/en.wikipedia.org\/wiki\/New_Moon\">Wikipedia<\/a>.<\/p>\n\n\n\n<p><strong>Luna menguante<\/strong><\/p>\n\n\n\n<p>Fase lunar en la que menos de la mitad de la parte iluminada es visible. La parte Iluminada ir\u00e1 menguando d\u00edas tras d\u00eda. <a href=\"http:\/\/en.wikipedia.org\/wiki\/Waning_crescent_Moon#Names_of_lunar_phases\">Wikipedia<\/a>.<\/p>\n\n\n\n<p><strong>Luces del norte<\/strong><\/p>\n\n\n\n<p>Ver auroras.<\/p>\n\n\n\n<p><strong>Luces del sur<\/strong><\/p>\n\n\n\n<p>Ver auroras.<\/p>\n\n\n\n<p><strong>Luz antisolar<\/strong><\/p>\n\n\n\n<p>Tambi\u00e9n conocido como <em>gegenschein<\/em>, es una luminosidad d\u00e9bil visible en cielos nocturnos en la direcci\u00f3n de la ecl\u00edptica, pero en la direcci\u00f3n opuesta al sol. Wikipedia<\/p>\n\n\n\n<p><strong>Luz zodiacal<\/strong><\/p>\n\n\n\n<p>La luz zodiacal o falso alba es un efecto \u00f3ptico poco frecuente que ocurre antes del amanecer o despu\u00e9s del atardecer, normalmente al inicio de la primavera o finales de oto\u00f1o y que trata de una banda de luz de forma triangular que se aprecia especialmente en el cielo nocturno. Se extiende a lo largo del plano ecl\u00edptico y en la direcci\u00f3n del sol. Causado por las part\u00edculas de polvo dispersas en el sistema solar. <a href=\"https:\/\/www.timeanddate.com\/astronomy\/zodiacal-lights.html\">Time and Date<\/a><\/p>\n\n\n\n<p><br><br><br><a href=\".\/glosario\/\">\u20ea    Volver al \u00edndice<\/a><\/p>\n","protected":false},"excerpt":{"rendered":"<p>Latitud Coordenada angular geogr\u00e1fica que indica la posici\u00f3n norte-sur de un punto en la superficie terrestre hasta el ecuador. Sus valores van desde 0\u00ba en el ecuador a +\/-90\u00ba en los polos. Wikipedia \/ Time and Date Lluvia de meteoros Actividad inusual de meteoros que resplandecen durante breves instantes en el cielo nocturno durante un&hellip; <br \/> <a class=\"read-more\" href=\"https:\/\/thephotographersassistant.net\/es\/glosario\/glossary-l\/\">Leer m\u00e1s<\/a><\/p>\n","protected":false},"author":1,"featured_media":0,"parent":44,"menu_order":0,"comment_status":"closed","ping_status":"closed","template":"","meta":{"footnotes":""},"class_list":["post-232","page","type-page","status-publish","hentry"],"_links":{"self":[{"href":"https:\/\/thephotographersassistant.net\/es\/wp-json\/wp\/v2\/pages\/232","targetHints":{"allow":["GET"]}}],"collection":[{"href":"https:\/\/thephotographersassistant.net\/es\/wp-json\/wp\/v2\/pages"}],"about":[{"href":"https:\/\/thephotographersassistant.net\/es\/wp-json\/wp\/v2\/types\/page"}],"author":[{"embeddable":true,"href":"https:\/\/thephotographersassistant.net\/es\/wp-json\/wp\/v2\/users\/1"}],"replies":[{"embeddable":true,"href":"https:\/\/thephotographersassistant.net\/es\/wp-json\/wp\/v2\/comments?post=232"}],"version-history":[{"count":2,"href":"https:\/\/thephotographersassistant.net\/es\/wp-json\/wp\/v2\/pages\/232\/revisions"}],"predecessor-version":[{"id":1324,"href":"https:\/\/thephotographersassistant.net\/es\/wp-json\/wp\/v2\/pages\/232\/revisions\/1324"}],"up":[{"embeddable":true,"href":"https:\/\/thephotographersassistant.net\/es\/wp-json\/wp\/v2\/pages\/44"}],"wp:attachment":[{"href":"https:\/\/thephotographersassistant.net\/es\/wp-json\/wp\/v2\/media?parent=232"}],"curies":[{"name":"wp","href":"https:\/\/api.w.org\/{rel}","templated":true}]}}