{"id":230,"date":"2020-09-18T09:23:10","date_gmt":"2020-09-18T08:23:10","guid":{"rendered":"http:\/\/localhost\/wordpress\/?page_id=230"},"modified":"2021-09-23T10:52:05","modified_gmt":"2021-09-23T10:52:05","slug":"glossary-h","status":"publish","type":"page","link":"https:\/\/thephotographersassistant.net\/es\/glosario\/glossary-h\/","title":{"rendered":"H"},"content":{"rendered":"\n<p><strong>Halos<\/strong><\/p>\n\n\n\n<p>Fen\u00f3menos atmosf\u00e9ricos causados por la luz reflectada o refractada en las part\u00edculas de hielo que se encuentran en la atm\u00f3sfera. <a href=\"https:\/\/www.timeanddate.com\/astronomy\/optical-phenomenon.html\">Time and Date<\/a><\/p>\n\n\n\n<p><strong>Hemisferio<\/strong><\/p>\n\n\n\n<p>Mitad del globo terrestre que se divide por el ecuador.<\/p>\n\n\n\n<p><strong>Hemisferio norte<\/strong><\/p>\n\n\n\n<p>Mitad de la Tierra que se encuentra al norte del ecuador. <a href=\"http:\/\/en.wikipedia.org\/wiki\/Northern_Hemisphere\">Wikipedia<\/a>.<\/p>\n\n\n\n<p><strong>Hemisferio sur<\/strong><\/p>\n\n\n\n<p>Mitad de la Tierra que se encuentra al sur del ecuador. <a href=\"http:\/\/en.wikipedia.org\/wiki\/Southern_Hemisphere\">Wikipedia<\/a>.<\/p>\n\n\n\n<p><strong>Hora dorada<\/strong><\/p>\n\n\n\n<p>Periodo de tiempo del d\u00eda que por las cualidades de la luz del sol es apreciado fotogr\u00e1ficamente. Este tipo de luz es m\u00e1s difusa que la de las horas centrales del d\u00eda, es m\u00e1s suave y menos contrastada y de un tono m\u00e1s c\u00e1lido. Se considera la hora dorada, tanto del alba como del anochecer, cuando el sol est\u00e1 entre 6\u00ba sobre el horizonte y -4\u00ba. &nbsp;<a href=\"http:\/\/en.wikipedia.org\/wiki\/Golden_hour_(photography)\">Wikipedia<\/a>.<\/p>\n\n\n\n<p><strong>Hora azul<\/strong><\/p>\n\n\n\n<p>Periodo del crep\u00fasculo cuando el cielo es de un azul profundo que ocurre cuando el sol est\u00e1 entre 4\u00ba y 6\u00ba tras el horizonte, tanto a la ma\u00f1ana como al atardecer. Aunque astron\u00f3micamente sea parte del crep\u00fasculo civil, por sus cualidades de luz es muy apreciado en fotograf\u00eda y tiene definici\u00f3n propia. <a href=\"http:\/\/en.wikipedia.org\/wiki\/Blue_hour\">Wikipedia<\/a>.<\/p>\n\n\n\n<p><strong>Horizonte<\/strong><\/p>\n\n\n\n<p>L\u00ednea aparente que separa la tierra (o cuerpo de agua) y el cielo. <a href=\"http:\/\/en.wikipedia.org\/wiki\/Horizon\">Wikipedia<\/a>.<\/p>\n\n\n\n<p><br><br><br><a href=\".\/glosario\/\">\u20ea    Volver al \u00edndice<\/a><\/p>\n","protected":false},"excerpt":{"rendered":"<p>Halos Fen\u00f3menos atmosf\u00e9ricos causados por la luz reflectada o refractada en las part\u00edculas de hielo que se encuentran en la atm\u00f3sfera. Time and Date Hemisferio Mitad del globo terrestre que se divide por el ecuador. Hemisferio norte Mitad de la Tierra que se encuentra al norte del ecuador. Wikipedia. Hemisferio sur Mitad de la Tierra&hellip; <br \/> <a class=\"read-more\" href=\"https:\/\/thephotographersassistant.net\/es\/glosario\/glossary-h\/\">Leer m\u00e1s<\/a><\/p>\n","protected":false},"author":1,"featured_media":0,"parent":44,"menu_order":0,"comment_status":"closed","ping_status":"closed","template":"","meta":{"footnotes":""},"class_list":["post-230","page","type-page","status-publish","hentry"],"_links":{"self":[{"href":"https:\/\/thephotographersassistant.net\/es\/wp-json\/wp\/v2\/pages\/230","targetHints":{"allow":["GET"]}}],"collection":[{"href":"https:\/\/thephotographersassistant.net\/es\/wp-json\/wp\/v2\/pages"}],"about":[{"href":"https:\/\/thephotographersassistant.net\/es\/wp-json\/wp\/v2\/types\/page"}],"author":[{"embeddable":true,"href":"https:\/\/thephotographersassistant.net\/es\/wp-json\/wp\/v2\/users\/1"}],"replies":[{"embeddable":true,"href":"https:\/\/thephotographersassistant.net\/es\/wp-json\/wp\/v2\/comments?post=230"}],"version-history":[{"count":2,"href":"https:\/\/thephotographersassistant.net\/es\/wp-json\/wp\/v2\/pages\/230\/revisions"}],"predecessor-version":[{"id":1323,"href":"https:\/\/thephotographersassistant.net\/es\/wp-json\/wp\/v2\/pages\/230\/revisions\/1323"}],"up":[{"embeddable":true,"href":"https:\/\/thephotographersassistant.net\/es\/wp-json\/wp\/v2\/pages\/44"}],"wp:attachment":[{"href":"https:\/\/thephotographersassistant.net\/es\/wp-json\/wp\/v2\/media?parent=230"}],"curies":[{"name":"wp","href":"https:\/\/api.w.org\/{rel}","templated":true}]}}