{"id":225,"date":"2020-09-18T09:19:04","date_gmt":"2020-09-18T08:19:04","guid":{"rendered":"http:\/\/localhost\/wordpress\/?page_id=225"},"modified":"2021-09-23T10:51:43","modified_gmt":"2021-09-23T10:51:43","slug":"glossary-f","status":"publish","type":"page","link":"https:\/\/thephotographersassistant.net\/es\/glosario\/glossary-f\/","title":{"rendered":"F"},"content":{"rendered":"\n<p><strong>Fase lunar<\/strong><\/p>\n\n\n\n<p>Se llama fase lunar a la proporci\u00f3n de luna que es iluminada. Esta \u00e1rea iluminada cambia cada instante, aunque sean m\u00e1s f\u00e1ciles de percibir en las variaciones de cada d\u00eda. El mes lunar o lunaci\u00f3n est\u00e1 dividida en cuatro fases primarias y otras cuatro intermedias:<\/p>\n\n\n\n<ul class=\"wp-block-list\"><li>Luna nueva<\/li><li>Luna creciente<\/li><li>Cuarto creciente<\/li><li>Luna gibosa creciente<\/li><li>Luna llena<\/li><li>Luna gibosa menguante<\/li><li>Cuarto menguante<\/li><li>Luna menguante<\/li><\/ul>\n\n\n\n<p><a href=\"https:\/\/www.timeanddate.com\/calendar\/aboutmoonphases.html\">Time and Date<\/a><strong> \/ <\/strong><a href=\"http:\/\/en.wikipedia.org\/wiki\/Waning_crescent_Moon#Names_of_lunar_phases\">Wikipedia<\/a><\/p>\n\n\n\n<p><strong>Falso alba<\/strong><\/p>\n\n\n\n<p>Ver luz zodiacal.<\/p>\n\n\n\n<p><br><br><br><a href=\".\/glosario\/\">\u20ea    Volver al \u00edndice<\/a><\/p>\n","protected":false},"excerpt":{"rendered":"<p>Fase lunar Se llama fase lunar a la proporci\u00f3n de luna que es iluminada. Esta \u00e1rea iluminada cambia cada instante, aunque sean m\u00e1s f\u00e1ciles de percibir en las variaciones de cada d\u00eda. El mes lunar o lunaci\u00f3n est\u00e1 dividida en cuatro fases primarias y otras cuatro intermedias: Luna nueva Luna creciente Cuarto creciente Luna gibosa&hellip; <br \/> <a class=\"read-more\" href=\"https:\/\/thephotographersassistant.net\/es\/glosario\/glossary-f\/\">Leer m\u00e1s<\/a><\/p>\n","protected":false},"author":1,"featured_media":0,"parent":44,"menu_order":0,"comment_status":"closed","ping_status":"closed","template":"","meta":{"footnotes":""},"class_list":["post-225","page","type-page","status-publish","hentry"],"_links":{"self":[{"href":"https:\/\/thephotographersassistant.net\/es\/wp-json\/wp\/v2\/pages\/225","targetHints":{"allow":["GET"]}}],"collection":[{"href":"https:\/\/thephotographersassistant.net\/es\/wp-json\/wp\/v2\/pages"}],"about":[{"href":"https:\/\/thephotographersassistant.net\/es\/wp-json\/wp\/v2\/types\/page"}],"author":[{"embeddable":true,"href":"https:\/\/thephotographersassistant.net\/es\/wp-json\/wp\/v2\/users\/1"}],"replies":[{"embeddable":true,"href":"https:\/\/thephotographersassistant.net\/es\/wp-json\/wp\/v2\/comments?post=225"}],"version-history":[{"count":2,"href":"https:\/\/thephotographersassistant.net\/es\/wp-json\/wp\/v2\/pages\/225\/revisions"}],"predecessor-version":[{"id":1321,"href":"https:\/\/thephotographersassistant.net\/es\/wp-json\/wp\/v2\/pages\/225\/revisions\/1321"}],"up":[{"embeddable":true,"href":"https:\/\/thephotographersassistant.net\/es\/wp-json\/wp\/v2\/pages\/44"}],"wp:attachment":[{"href":"https:\/\/thephotographersassistant.net\/es\/wp-json\/wp\/v2\/media?parent=225"}],"curies":[{"name":"wp","href":"https:\/\/api.w.org\/{rel}","templated":true}]}}