{"id":222,"date":"2020-09-18T08:40:22","date_gmt":"2020-09-18T07:40:22","guid":{"rendered":"http:\/\/localhost\/wordpress\/?page_id=222"},"modified":"2021-09-23T10:51:32","modified_gmt":"2021-09-23T10:51:32","slug":"glossary-e","status":"publish","type":"page","link":"https:\/\/thephotographersassistant.net\/es\/glosario\/glossary-e\/","title":{"rendered":"E"},"content":{"rendered":"\n<p><strong>Ecuador celestial<\/strong><\/p>\n\n\n\n<p>La proyecci\u00f3n del ecuador de la Tierra sobre la esfera del cielo. En el ecuador celestial, las estrellas parecen moverse en l\u00edneas recta, aunque vistos desde latitudes diferentes al ecuador, esas l\u00edneas sean realmente arcos con una peque\u00f1a curvatura. <a href=\"https:\/\/www.timeanddate.com\/astronomy\/horizontal-coordinate-system.html\">Time and Date<\/a><strong> \/ <\/strong><a href=\"http:\/\/en.wikipedia.org\/wiki\/Celestial_equator\">Wikipedia<\/a>.<\/p>\n\n\n\n<p><strong>Edad (Luna)<\/strong><\/p>\n\n\n\n<p>El tiempo transcurrido desde la \u00faltima luna nueva. Se calcula en d\u00edas, horas y minutos.<\/p>\n\n\n\n<p><strong>Eclipse<\/strong><\/p>\n\n\n\n<p>Evento astron\u00f3mico que ocurre cuando la luna se interpone entre el sol y la Tierra (eclipse solar) o cuando la Tierra se interpone entre el sol y la luna (eclipse lunar). <a href=\"https:\/\/www.timeanddate.com\/eclipse\/eclipse-information.html\">Time and Date<\/a><\/p>\n\n\n\n<p><strong>Eclipse lunar<\/strong><\/p>\n\n\n\n<p>Evento astron\u00f3mico que ocurre cuando la Tierra se interpone entre el sol y la luna, creando una sombra de diferente profundidad sobre la superficie lunar. Seg\u00fan c\u00f3mo incida la sombra sobre la luna, el eclipse ser\u00e1 de diferente tipo: penumbral, parcial y total o completa.&nbsp; Los eclipses lunares solo ocurren en lunas llenas. &nbsp;<a href=\"https:\/\/www.timeanddate.com\/eclipse\/eclipse-information.html\">Time and Date<\/a><\/p>\n\n\n\n<p><strong>Eclipse lunar penumbral<\/strong><\/p>\n\n\n\n<p>Un eclipse lunar de tipo penumbral ocurre cuando la luna, la Tierra y el sol se alinean casi en l\u00ednea recta. La sombra de la Tierra ocupa totalmente o parcialmente la luna, pero al ser penumbral, la sombra ser\u00e1 muy d\u00e9bil por lo que ser\u00e1 dif\u00edcil darse cuenta del eclipse. <a href=\"https:\/\/www.timeanddate.com\/eclipse\/penumbral-lunar-eclipse.html\">Time and Date<\/a><\/p>\n\n\n\n<p><strong>Eclipse parcial de luna<\/strong><\/p>\n\n\n\n<p>Tipo de eclipse lunar que ocurre cuando la Tierra se encuentra entre el sol y la luna. La umbra de la sombra proyectada incide sobre una parte de la luna, produciendo una sombra de color rojo. <a href=\"https:\/\/www.timeanddate.com\/eclipse\/partial-lunar-eclipse.html\">Time and Date<\/a><\/p>\n\n\n\n<p><strong>Eclipse parcial de sol<\/strong><\/p>\n\n\n\n<p>Tipo de eclipse solar en el que la luna nueva cubre parcialmente el disco solar. &nbsp;<a href=\"https:\/\/www.timeanddate.com\/eclipse\/partial-solar-eclipse.html\">Time and Date<\/a><\/p>\n\n\n\n<p><strong>Eclipse solar anular<\/strong><\/p>\n\n\n\n<p>Un eclipse solar de tipo anular ocurre cuando la luna cubre la parte central del sol, siendo visible el anillo exterior o <em>annulus<\/em> alrededor de la luna. <a href=\"https:\/\/www.timeanddate.com\/eclipse\/annular-solar-eclipse.html\">Time<\/a> and date \/ Wikipedia<\/p>\n\n\n\n<p><strong>Eclipse total solar<\/strong><\/p>\n\n\n\n<p>Tipo de eclipse solar en el que la luna oculta completamente el disco solar. <a href=\"https:\/\/www.timeanddate.com\/eclipse\/total-solar-eclipse.html\">Time and Date<\/a><\/p>\n\n\n\n<p><strong>Ecl\u00edptica<\/strong><\/p>\n\n\n\n<p>Ver plano ecl\u00edptico<\/p>\n\n\n\n<p><strong>Elevaci\u00f3n<\/strong><\/p>\n\n\n\n<p>\u00c1ngulo vertical entre el objeto (normalmente un cuerpo celestial como el sol o la luna) y el horizonte. Se mide con \u00e1ngulos en grados entre 0\u00ba (en el horizonte) y 90\u00ba (directamente encima del observador o z\u00e9nit) y 0\u00ba y -90\u00ba (exactamente debajo o nadir). <a href=\"http:\/\/en.wikipedia.org\/wiki\/Altitude_(astronomy)\">Wikipedia<\/a> \/ <a href=\"https:\/\/www.timeanddate.com\/astronomy\/horizontal-coordinate-system.html\">Time<\/a> and date<\/p>\n\n\n\n<p><strong>Equinoccio<\/strong><\/p>\n\n\n\n<p>Evento que ocurre dos veces al a\u00f1o (equinoccio de marzo y de septiembre) cuando el ecuador terrestre est\u00e1 alineado con el centro del sol. <a href=\"https:\/\/www.timeanddate.com\/astronomy\/equinox-not-equal.html\">Time and Date<\/a>\/ <a href=\"http:\/\/en.wikipedia.org\/wiki\/Equinox\">Wikipedia<\/a>.<\/p>\n\n\n\n<p><strong>Esfera celestial<\/strong><\/p>\n\n\n\n<p>La esfera celestial es una esfera imaginaria que se extiende infinitamente en el espacio con la Tierra en su centro. El Ecuador y los polos celestiales coinciden con los terrestres. <a href=\"https:\/\/www.timeanddate.com\/astronomy\/horizontal-coordinate-system.html\">Time and Date<\/a><\/p>\n\n\n\n<p><strong>Estaci\u00f3n astron\u00f3mica<\/strong><\/p>\n\n\n\n<p>Una estaci\u00f3n astron\u00f3mica es el periodo de tiempo con inicio y fin marcados por equinoccios y solsticios. Las cuatro estaciones astron\u00f3micas en el hemisferio norte son:<\/p>\n\n\n\n<ul class=\"wp-block-list\"><li><strong>Primavera<\/strong>: del equinoccio de marzo al solsticio de junio.<\/li><li><strong>Verano<\/strong>: del solsticio de junio al equinoccio de septiembre.<\/li><li><strong>Oto\u00f1o<\/strong>: del equinoccio de septiembre al solsticio de diciembre.<\/li><li><strong>Invierno<\/strong>: del solsticio de diciembre al equinoccio de marzo.<\/li><\/ul>\n\n\n\n<p>En el hemisferio sur:<\/p>\n\n\n\n<ul class=\"wp-block-list\"><li><strong>Oto\u00f1o<\/strong>: del equinoccio de marzo al solsticio de junio.<\/li><li><strong>Invierno<\/strong>: del solsticio de junio al equinoccio de septiembre.<\/li><li><strong>Primavera<\/strong>: del equinoccio de septiembre al solsticio de diciembre.<\/li><li><strong>Verano<\/strong>: del solsticio de diciembre al equinoccio de marzo.<\/li><\/ul>\n\n\n\n<p><a href=\"https:\/\/www.timeanddate.com\/calendar\/aboutseasons.html\">Time<\/a> and date \/ Wikipedia<\/p>\n\n\n\n<p><strong>Estrella fugaz<\/strong><\/p>\n\n\n\n<p>T\u00e9rmino popular para un meteoro. Ver meteoro.<\/p>\n\n\n\n<p><strong>Estrellas circumpolares<\/strong><\/p>\n\n\n\n<p>Las estrellas circumpolares son estrellas que nunca se ponen tras el horizonte vistos desde latitudes espec\u00edficas. Estas estrellas son siempre visibles por su cercan\u00eda a los polos celestiales, por lo que estrellas visibles en el hemisferio norte no ser\u00e1n visibles en el hemisferio sur y viceversa. <a href=\"http:\/\/en.wikipedia.org\/wiki\/Circumpolar_star\">Wikipedia<\/a>.<\/p>\n\n\n\n<p><br><br><br><a href=\".\/glosario\/\">\u20ea    Volver al \u00edndice<\/a><\/p>\n","protected":false},"excerpt":{"rendered":"<p>Ecuador celestial La proyecci\u00f3n del ecuador de la Tierra sobre la esfera del cielo. En el ecuador celestial, las estrellas parecen moverse en l\u00edneas recta, aunque vistos desde latitudes diferentes al ecuador, esas l\u00edneas sean realmente arcos con una peque\u00f1a curvatura. Time and Date \/ Wikipedia. Edad (Luna) El tiempo transcurrido desde la \u00faltima luna&hellip; <br \/> <a class=\"read-more\" href=\"https:\/\/thephotographersassistant.net\/es\/glosario\/glossary-e\/\">Leer m\u00e1s<\/a><\/p>\n","protected":false},"author":1,"featured_media":0,"parent":44,"menu_order":0,"comment_status":"closed","ping_status":"closed","template":"","meta":{"footnotes":""},"class_list":["post-222","page","type-page","status-publish","hentry"],"_links":{"self":[{"href":"https:\/\/thephotographersassistant.net\/es\/wp-json\/wp\/v2\/pages\/222","targetHints":{"allow":["GET"]}}],"collection":[{"href":"https:\/\/thephotographersassistant.net\/es\/wp-json\/wp\/v2\/pages"}],"about":[{"href":"https:\/\/thephotographersassistant.net\/es\/wp-json\/wp\/v2\/types\/page"}],"author":[{"embeddable":true,"href":"https:\/\/thephotographersassistant.net\/es\/wp-json\/wp\/v2\/users\/1"}],"replies":[{"embeddable":true,"href":"https:\/\/thephotographersassistant.net\/es\/wp-json\/wp\/v2\/comments?post=222"}],"version-history":[{"count":2,"href":"https:\/\/thephotographersassistant.net\/es\/wp-json\/wp\/v2\/pages\/222\/revisions"}],"predecessor-version":[{"id":1320,"href":"https:\/\/thephotographersassistant.net\/es\/wp-json\/wp\/v2\/pages\/222\/revisions\/1320"}],"up":[{"embeddable":true,"href":"https:\/\/thephotographersassistant.net\/es\/wp-json\/wp\/v2\/pages\/44"}],"wp:attachment":[{"href":"https:\/\/thephotographersassistant.net\/es\/wp-json\/wp\/v2\/media?parent=222"}],"curies":[{"name":"wp","href":"https:\/\/api.w.org\/{rel}","templated":true}]}}