{"id":218,"date":"2020-09-18T08:37:13","date_gmt":"2020-09-18T07:37:13","guid":{"rendered":"http:\/\/localhost\/wordpress\/?page_id=218"},"modified":"2021-09-23T10:51:20","modified_gmt":"2021-09-23T10:51:20","slug":"glossary-d","status":"publish","type":"page","link":"https:\/\/thephotographersassistant.net\/es\/glosario\/glossary-d\/","title":{"rendered":"D"},"content":{"rendered":"\n<p><strong>Declinaci\u00f3n<\/strong><\/p>\n\n\n\n<p>Distancia angular vertical entre el centro del cuerpo celestial y el ecuador celestial. <a href=\"http:\/\/en.wikipedia.org\/wiki\/Declination\">Wikipedia<\/a>.<\/p>\n\n\n\n<p><strong>Declinaci\u00f3n magn\u00e9tica<\/strong><\/p>\n\n\n\n<p>La diferencia entre el norte verdadero o geogr\u00e1fico y el magn\u00e9tico. Actualmente, este valor cambia porque el polo magn\u00e9tico est\u00e1 desplaz\u00e1ndose. <a href=\"https:\/\/www.timeanddate.com\/geography\/magnetic-declination.html\">Time and Date<\/a><\/p>\n\n\n\n<p><strong>D\u00eda polar<\/strong><\/p>\n\n\n\n<p>Ver sol de medianoche.<\/p>\n\n\n\n<p><strong>D\u00eda solar<\/strong><\/p>\n\n\n\n<p>Periodo de tiempo que concurre entre un mediod\u00eda solar y el siguiente. Aunque se defina de 24 horas, en tiempo solar la mayor\u00eda de los d\u00edas son ligeramente m\u00e1s largos que las 24 horas. <a href=\"https:\/\/www.timeanddate.com\/time\/earth-rotation.html\">Time and Date<\/a><\/p>\n\n\n\n<p><strong>Di\u00e1metro angular (sol, luna)<\/strong><\/p>\n\n\n\n<p>Tama\u00f1o aparente (visual) de un objeto medido como \u00e1ngulo desde una posici\u00f3n dada.&nbsp; El di\u00e1metro angular del sol y la luna son casi id\u00e9nticos vistos desde cualquier lugar de la Tierra, siendo de un valor cercano al 0.5\u00ba. <a href=\"http:\/\/en.wikipedia.org\/wiki\/Angular_diameter\">Wikipedia<\/a>.<\/p>\n\n\n\n<p><strong>Distancia al horizonte<\/strong><\/p>\n\n\n\n<p>Distancia entre un punto en la superficie o lugar en la Tierra y la l\u00ednea aparente entre el cielo y la tierra (o cuerpo de agua). <a href=\"http:\/\/en.wikipedia.org\/wiki\/Horizon#Distance_to_the_horizon\">Wikipedia<\/a>.<\/p>\n\n\n\n<p><strong>Distancia a sujeto<\/strong><\/p>\n\n\n\n<p>Distancia entre punto focal del objetivo y el sujeto a fotografiar.<\/p>\n\n\n\n<p><strong>Distancia hiperfocal<\/strong><\/p>\n\n\n\n<p>La m\u00ednima distancia en la que el objetivo mantiene aceptablemente enfocado desde la mitad de la esa distancia hasta el punto infinito. <a href=\"http:\/\/en.wikipedia.org\/wiki\/Hyperfocal_distance\">Wikipedia<\/a>.<\/p>\n\n\n\n<p><strong>Distancia m\u00ednima del hiperfocal<\/strong><\/p>\n\n\n\n<p>Distancia que se encuentra a la mitad de la hiperfocal. Desde esta distancia hasta el infinito estar\u00e1 aceptablemente enfocado.<\/p>\n\n\n\n<p><strong>Duraci\u00f3n del d\u00eda<\/strong><\/p>\n\n\n\n<p>N\u00famero de horas de luz del d\u00eda, medido desde que el sol empieza a asomarse sobre el horizonte y el momento en el que desaparece tras el horizonte. <a href=\"http:\/\/en.wikipedia.org\/wiki\/Day_length\">Wikipedia<\/a>.<\/p>\n\n\n\n<p><br><br><br><a href=\".\/glosario\/\">\u20ea    Volver al \u00edndice<\/a><\/p>\n","protected":false},"excerpt":{"rendered":"<p>Declinaci\u00f3n Distancia angular vertical entre el centro del cuerpo celestial y el ecuador celestial. Wikipedia. Declinaci\u00f3n magn\u00e9tica La diferencia entre el norte verdadero o geogr\u00e1fico y el magn\u00e9tico. Actualmente, este valor cambia porque el polo magn\u00e9tico est\u00e1 desplaz\u00e1ndose. Time and Date D\u00eda polar Ver sol de medianoche. D\u00eda solar Periodo de tiempo que concurre entre&hellip; <br \/> <a class=\"read-more\" href=\"https:\/\/thephotographersassistant.net\/es\/glosario\/glossary-d\/\">Leer m\u00e1s<\/a><\/p>\n","protected":false},"author":1,"featured_media":0,"parent":44,"menu_order":0,"comment_status":"closed","ping_status":"closed","template":"","meta":{"footnotes":""},"class_list":["post-218","page","type-page","status-publish","hentry"],"_links":{"self":[{"href":"https:\/\/thephotographersassistant.net\/es\/wp-json\/wp\/v2\/pages\/218","targetHints":{"allow":["GET"]}}],"collection":[{"href":"https:\/\/thephotographersassistant.net\/es\/wp-json\/wp\/v2\/pages"}],"about":[{"href":"https:\/\/thephotographersassistant.net\/es\/wp-json\/wp\/v2\/types\/page"}],"author":[{"embeddable":true,"href":"https:\/\/thephotographersassistant.net\/es\/wp-json\/wp\/v2\/users\/1"}],"replies":[{"embeddable":true,"href":"https:\/\/thephotographersassistant.net\/es\/wp-json\/wp\/v2\/comments?post=218"}],"version-history":[{"count":2,"href":"https:\/\/thephotographersassistant.net\/es\/wp-json\/wp\/v2\/pages\/218\/revisions"}],"predecessor-version":[{"id":1319,"href":"https:\/\/thephotographersassistant.net\/es\/wp-json\/wp\/v2\/pages\/218\/revisions\/1319"}],"up":[{"embeddable":true,"href":"https:\/\/thephotographersassistant.net\/es\/wp-json\/wp\/v2\/pages\/44"}],"wp:attachment":[{"href":"https:\/\/thephotographersassistant.net\/es\/wp-json\/wp\/v2\/media?parent=218"}],"curies":[{"name":"wp","href":"https:\/\/api.w.org\/{rel}","templated":true}]}}