{"id":149,"date":"2020-09-15T09:34:43","date_gmt":"2020-09-15T08:34:43","guid":{"rendered":"http:\/\/localhost\/wordpress\/?page_id=149"},"modified":"2021-09-23T10:51:09","modified_gmt":"2021-09-23T10:51:09","slug":"glossary-c","status":"publish","type":"page","link":"https:\/\/thephotographersassistant.net\/es\/glosario\/glossary-c\/","title":{"rendered":"C"},"content":{"rendered":"\n<p><strong>Centro gal\u00e1ctico<\/strong><\/p>\n\n\n\n<p>Punto de la V\u00eda L\u00e1ctea donde se localiza el centro de rotaci\u00f3n de la V\u00eda L\u00e1ctea, en direcci\u00f3n a las constelaciones de Sagitario, Ofiuco y Escorpio. Muy interesante para los fot\u00f3grafos ya que es en apariencia la zona m\u00e1s brillante. Wikipedia<\/p>\n\n\n\n<p><strong>C\u00edrculo parh\u00e9lico<\/strong><\/p>\n\n\n\n<p>Fen\u00f3meno \u00f3ptico-atmosf\u00e9rico poco frecuente en las que se forman c\u00edrculos blancos alrededor del sol o la luna. <a href=\"https:\/\/www.timeanddate.com\/astronomy\/optical-phenomenon.html\">Time and Date<\/a><\/p>\n\n\n\n<p><strong>CG<\/strong><\/p>\n\n\n\n<p>Ver centro gal\u00e1ctico. <\/p>\n\n\n\n<p><strong>Cometa<\/strong><\/p>\n\n\n\n<p>Las cometas son cuerpos celestiales de peque\u00f1o tama\u00f1o, normalmente de polvo y hielo, que orbitan el sol. <a href=\"https:\/\/www.timeanddate.com\/astronomy\/comets\/\">Time and Date<\/a><\/p>\n\n\n\n<p><strong>Constelaci\u00f3n<\/strong><\/p>\n\n\n\n<p>Una costelaci\u00f3n es un \u00e1rea en la esfera celestial definida por la Uni\u00f3n Astron\u00f3mica Internacional (UAI). A d\u00eda de hoy hay oficialmente 88 constelaciones. <a href=\"https:\/\/www.iau.org\/public\/themes\/constellations\/\">Time and Date<\/a><\/p>\n\n\n\n<p><strong>Constelaciones zodiacales<\/strong><\/p>\n\n\n\n<p>Las constelaciones zodiacales son las 13 constelaciones sobre la ecl\u00edptica de la Tierra. La decimotercera constelaci\u00f3n, muchas veces olvidada, es <em>Ophiucus<\/em>.<\/p>\n\n\n\n<p><strong>Crep\u00fasculo<\/strong><\/p>\n\n\n\n<p>Periodo de tiempo entre el d\u00eda y la noche cuando todav\u00eda queda luz natural, pero el sol ya se ha ocultado en horizonte. Fotogr\u00e1ficamente es el periodo entre la noche y la hora azul, entre -6\u00ba y &nbsp;&nbsp;&nbsp;-18\u00ba bajo el horizonte. Astron\u00f3micamente se divide en tres fases; crep\u00fasculo civil, n\u00e1utico y astron\u00f3mico. <a href=\"https:\/\/www.timeanddate.com\/astronomy\/different-types-twilight.html\">Time and Date<\/a><\/p>\n\n\n\n<p><strong>Crep\u00fasculo astron\u00f3mico<\/strong><\/p>\n\n\n\n<p>Fase del crep\u00fasculo solar. Es la fase m\u00e1s oscura de las tres fases del crep\u00fasculo que ocurre cuando el sol est\u00e1 entre 12\u00ba y 18\u00ba bajo el horizonte y cuando a\u00fan est\u00e1 lo suficientemente oscuro para ver a simple vista todas las observaciones astron\u00f3micas como el arco de la V\u00eda L\u00e1ctea o el centro gal\u00e1ctico. Tambi\u00e9n es la fase m\u00e1s temprana del <a href=\"https:\/\/www.timeanddate.com\/astronomy\/dawn.html\">alba<\/a>&nbsp; y la m\u00e1s tard\u00eda del <a href=\"https:\/\/www.timeanddate.com\/astronomy\/dusk.html\">anochecer<\/a>. <a href=\"https:\/\/www.timeanddate.com\/astronomy\/astronomical-twilight.html\">Time<\/a> and date \/ <a href=\"http:\/\/en.wikipedia.org\/wiki\/Astronomical_twilight#Astronomical_twilight\">Wikipedia<\/a>.<\/p>\n\n\n\n<p><strong>Crep\u00fasculo civil<\/strong><\/p>\n\n\n\n<p>Fase del crep\u00fasculo solar cuando el sol est\u00e1 justo debajo del horizonte (justo despu\u00e9s de la puesta del sol y antes del amanecer) y los 6\u00ba bajo el horizonte. <a href=\"https:\/\/www.timeanddate.com\/astronomy\/civil-twilight.html\">Time and Date<\/a> \/&nbsp;<a href=\"http:\/\/en.wikipedia.org\/wiki\/Twilight#Civil_twilight\">Wikipedia<\/a>.<\/p>\n\n\n\n<p><strong>Crep\u00fasculo n\u00e1utico<\/strong><\/p>\n\n\n\n<p>El crep\u00fasculo n\u00e1utico es la segunda fase del crep\u00fasculo, cuando el horizonte y las estrellas m\u00e1s brillantes suelen ser visibles al mismo tiempo posibilitando la navegaci\u00f3n en el mar (de ah\u00ed el nombre). La elevaci\u00f3n del sol en este periodo es entre 6\u00ba y 12\u00ba bajo el horizonte. <a href=\"https:\/\/www.timeanddate.com\/astronomy\/nautical-twilight.html\">Time and Date<\/a>\/<a href=\"http:\/\/en.wikipedia.org\/wiki\/Nautical_twilight#Nautical_twilight\">Wikipedia<\/a>.<\/p>\n\n\n\n<p><strong>Cuarto creciente<\/strong><\/p>\n\n\n\n<p>Fase lunar que ocurre cuando la mitad de la luna est\u00e1 iluminada por el sol por la parte derecha (izquierda en el hemisferio sur). Al ser creciente la parte iluminada ir\u00e1 aumentando de tama\u00f1o hasta la fase de luna llena. <a href=\"http:\/\/en.wikipedia.org\/wiki\/Waning_crescent_Moon#Names_of_lunar_phases\">Wikipedia<\/a>.<\/p>\n\n\n\n<p><strong>Cuarto menguante<\/strong><\/p>\n\n\n\n<p>Fase lunar que ocurre cuando la mitad de la luna est\u00e1 iluminada por el sol por la parte izquierda (derecha en el hemisferio sur). Al ser menguante la parte iluminada ir\u00e1 decreciendo de tama\u00f1o hasta la fase de luna nueva. <a href=\"http:\/\/en.wikipedia.org\/wiki\/Waning_crescent_Moon#Names_of_lunar_phases\">Wikipedia<\/a>.<\/p>\n\n\n\n<p><br><br><br><a href=\".\/glosario\/\">\u20ea    Volver al \u00edndice<\/a><\/p>\n","protected":false},"excerpt":{"rendered":"<p>Centro gal\u00e1ctico Punto de la V\u00eda L\u00e1ctea donde se localiza el centro de rotaci\u00f3n de la V\u00eda L\u00e1ctea, en direcci\u00f3n a las constelaciones de Sagitario, Ofiuco y Escorpio. Muy interesante para los fot\u00f3grafos ya que es en apariencia la zona m\u00e1s brillante. Wikipedia C\u00edrculo parh\u00e9lico Fen\u00f3meno \u00f3ptico-atmosf\u00e9rico poco frecuente en las que se forman c\u00edrculos&hellip; <br \/> <a class=\"read-more\" href=\"https:\/\/thephotographersassistant.net\/es\/glosario\/glossary-c\/\">Leer m\u00e1s<\/a><\/p>\n","protected":false},"author":1,"featured_media":0,"parent":44,"menu_order":0,"comment_status":"closed","ping_status":"closed","template":"","meta":{"footnotes":""},"class_list":["post-149","page","type-page","status-publish","hentry"],"_links":{"self":[{"href":"https:\/\/thephotographersassistant.net\/es\/wp-json\/wp\/v2\/pages\/149","targetHints":{"allow":["GET"]}}],"collection":[{"href":"https:\/\/thephotographersassistant.net\/es\/wp-json\/wp\/v2\/pages"}],"about":[{"href":"https:\/\/thephotographersassistant.net\/es\/wp-json\/wp\/v2\/types\/page"}],"author":[{"embeddable":true,"href":"https:\/\/thephotographersassistant.net\/es\/wp-json\/wp\/v2\/users\/1"}],"replies":[{"embeddable":true,"href":"https:\/\/thephotographersassistant.net\/es\/wp-json\/wp\/v2\/comments?post=149"}],"version-history":[{"count":2,"href":"https:\/\/thephotographersassistant.net\/es\/wp-json\/wp\/v2\/pages\/149\/revisions"}],"predecessor-version":[{"id":1318,"href":"https:\/\/thephotographersassistant.net\/es\/wp-json\/wp\/v2\/pages\/149\/revisions\/1318"}],"up":[{"embeddable":true,"href":"https:\/\/thephotographersassistant.net\/es\/wp-json\/wp\/v2\/pages\/44"}],"wp:attachment":[{"href":"https:\/\/thephotographersassistant.net\/es\/wp-json\/wp\/v2\/media?parent=149"}],"curies":[{"name":"wp","href":"https:\/\/api.w.org\/{rel}","templated":true}]}}