{"id":114,"date":"2020-09-15T08:16:49","date_gmt":"2020-09-15T07:16:49","guid":{"rendered":"http:\/\/localhost\/wordpress\/?page_id=114"},"modified":"2021-09-23T10:50:42","modified_gmt":"2021-09-23T10:50:42","slug":"glossary-a","status":"publish","type":"page","link":"https:\/\/thephotographersassistant.net\/es\/glosario\/glossary-a\/","title":{"rendered":"A"},"content":{"rendered":"\n<p><strong>Alba<\/strong><\/p>\n\n\n\n<p>Es la transici\u00f3n de tiempo entre la noche y el d\u00eda (crep\u00fasculo de la ma\u00f1ana). <a href=\"https:\/\/www.timeanddate.com\/astronomy\/dawn.html\">Time and Date<\/a><\/p>\n\n\n\n<p><strong>Altitud<\/strong><\/p>\n\n\n\n<p>Altura de un objeto o punto de la Tierra medido sobre el nivel del mar.&nbsp;<a href=\"http:\/\/en.wikipedia.org\/wiki\/Altitude_(astronomy)\">Wikipedia<\/a>.<\/p>\n\n\n\n<p><strong>Amanecer<\/strong><\/p>\n\n\n\n<p>Salida del sol. Momento en el que el sol aparece sobre el horizonte. <a href=\"https:\/\/www.timeanddate.com\/sun\/\">Time and Date<\/a><strong> \/ <\/strong><a href=\"http:\/\/en.wikipedia.org\/wiki\/Sunrise\">Wikipedia<\/a>.<\/p>\n\n\n\n<p><strong>Anochecer<\/strong><\/p>\n\n\n\n<p>Es la transici\u00f3n de tiempo entre el d\u00eda y la noche (crep\u00fasculo de la tarde). <a href=\"https:\/\/www.timeanddate.com\/astronomy\/dusk.html\">Time and Date<\/a><\/p>\n\n\n\n<p><strong>Anteumbra<\/strong><\/p>\n\n\n\n<p>La parte m\u00e1s clara de la sombra que se forma a cierta distancia del objeto que produce la sombra. Ocurre en los eclipses solares de tipo anular. <a href=\"https:\/\/www.timeanddate.com\/eclipse\/antumbra-shadow.html\">Time<\/a> and date \/ Wikipedia<\/p>\n\n\n\n<p><strong>A\u00f1o astron\u00f3mico<\/strong><\/p>\n\n\n\n<p>Tiempo que necesita la Tierra para completar una \u00f3rbita alrededor del sol. Su duraci\u00f3n var\u00eda de a\u00f1o a a\u00f1o, la media es de 365 d\u00edas, 5 horas, 48 minutos y 45 segundos (365.24219 d\u00edas) aproximadamente. Conocido tambi\u00e9n como a\u00f1o astron\u00f3mico, a\u00f1o equinoccial. <a href=\"https:\/\/www.timeanddate.com\/astronomy\/tropical-year.html\">Time and Date<\/a><\/p>\n\n\n\n<p><strong>A\u00f1o tropical<\/strong><\/p>\n\n\n\n<p>Ver a\u00f1o astron\u00f3mico. <\/p>\n\n\n\n<p><strong>Apogeo<\/strong><\/p>\n\n\n\n<p>Punto de \u00f3rbita de un objeto m\u00e1s lejano de la Tierra. <a href=\"http:\/\/en.wikipedia.org\/wiki\/Apsis\">Wikipedia<\/a>.<\/p>\n\n\n\n<p><strong>Apogeo lunar<\/strong><\/p>\n\n\n\n<p>Punto en la \u00f3rbita lunar m\u00e1s lejana a la Tierra. <a href=\"https:\/\/www.timeanddate.com\/astronomy\/moon\/lunar-perigee-apogee.html\">Time and Date<\/a><\/p>\n\n\n\n<p><strong>Arcos Iris de luna<\/strong><\/p>\n\n\n\n<p>Fen\u00f3meno atmosf\u00e9rico poco frecuente causado por la luz de la luna reflectado y refractado en gotas de agua en el aire. Suelen ser muy preciados los arcos iris de luna que se producen en algunas cascadas, pero tambi\u00e9n se pueden apreciar en los rompientes de mar y durante algunas lloviznas nocturnas. <a href=\"https:\/\/www.timeanddate.com\/astronomy\/moonbows.html\">Time and Date<\/a><\/p>\n\n\n\n<p><strong>Asteroide<\/strong><\/p>\n\n\n\n<p>Objeto de roca que orbita alrededor del sol. Su tama\u00f1o puede variar entre unos metros y hasta cientos kil\u00f3metros de di\u00e1metro. <a href=\"https:\/\/www.timeanddate.com\/astronomy\/asteroid.html\">Time<\/a> and date \/ Wikipedia.<\/p>\n\n\n\n<p><strong>Aurora Borealis y Aurora Australis<\/strong><\/p>\n\n\n\n<p>Tambi\u00e9n conocidos como auroras boreales o luces del norte en el hemisferio norte y auroras australes o luces del sur en el hemisferio sur. Son fen\u00f3menos naturales que crean luces de color brillantes en los cielos. <a href=\"https:\/\/www.timeanddate.com\/astronomy\/northern-southern-lights.html\">Time and Date<\/a><\/p>\n\n\n\n<p><strong>Azimut<\/strong><\/p>\n\n\n\n<p>\u00c1ngulo medido alrededor del horizonte del observador desde el norte geogr\u00e1fico hasta el cuerpo celestial en direcci\u00f3n de las agujas del reloj. Un cuerpo celestial que est\u00e9 sobre el norte geogr\u00e1fico tendr\u00e1 un azimut de 0\u00ba, si est\u00e1 al Este 90\u00ba, al Sur 180\u00ba y al oeste 270\u00ba (\u00f3 -90\u00ba). <a href=\"https:\/\/www.timeanddate.com\/astronomy\/horizontal-coordinate-system.html\">Time and Date<\/a>\/ <a href=\"http:\/\/en.wikipedia.org\/wiki\/Azimuth\">Wikipedia<\/a>.<\/p>\n\n\n\n<p><br><br><br><a href=\".\/glosario\/\">\u20ea    Volver al \u00edndice<\/a><\/p>\n","protected":false},"excerpt":{"rendered":"<p>Alba Es la transici\u00f3n de tiempo entre la noche y el d\u00eda (crep\u00fasculo de la ma\u00f1ana). Time and Date Altitud Altura de un objeto o punto de la Tierra medido sobre el nivel del mar.&nbsp;Wikipedia. Amanecer Salida del sol. Momento en el que el sol aparece sobre el horizonte. Time and Date \/ Wikipedia. Anochecer&hellip; <br \/> <a class=\"read-more\" href=\"https:\/\/thephotographersassistant.net\/es\/glosario\/glossary-a\/\">Leer m\u00e1s<\/a><\/p>\n","protected":false},"author":1,"featured_media":0,"parent":44,"menu_order":0,"comment_status":"closed","ping_status":"closed","template":"","meta":{"footnotes":""},"class_list":["post-114","page","type-page","status-publish","hentry"],"_links":{"self":[{"href":"https:\/\/thephotographersassistant.net\/es\/wp-json\/wp\/v2\/pages\/114","targetHints":{"allow":["GET"]}}],"collection":[{"href":"https:\/\/thephotographersassistant.net\/es\/wp-json\/wp\/v2\/pages"}],"about":[{"href":"https:\/\/thephotographersassistant.net\/es\/wp-json\/wp\/v2\/types\/page"}],"author":[{"embeddable":true,"href":"https:\/\/thephotographersassistant.net\/es\/wp-json\/wp\/v2\/users\/1"}],"replies":[{"embeddable":true,"href":"https:\/\/thephotographersassistant.net\/es\/wp-json\/wp\/v2\/comments?post=114"}],"version-history":[{"count":2,"href":"https:\/\/thephotographersassistant.net\/es\/wp-json\/wp\/v2\/pages\/114\/revisions"}],"predecessor-version":[{"id":1316,"href":"https:\/\/thephotographersassistant.net\/es\/wp-json\/wp\/v2\/pages\/114\/revisions\/1316"}],"up":[{"embeddable":true,"href":"https:\/\/thephotographersassistant.net\/es\/wp-json\/wp\/v2\/pages\/44"}],"wp:attachment":[{"href":"https:\/\/thephotographersassistant.net\/es\/wp-json\/wp\/v2\/media?parent=114"}],"curies":[{"name":"wp","href":"https:\/\/api.w.org\/{rel}","templated":true}]}}